{"id":1037,"date":"2019-10-08T23:24:59","date_gmt":"2019-10-08T21:24:59","guid":{"rendered":"https:\/\/www.mecaer.com\/?page_id=1037"},"modified":"2024-07-08T09:28:13","modified_gmt":"2024-07-08T07:28:13","slug":"governance","status":"publish","type":"page","link":"https:\/\/www.mecaer.com\/fr\/governance\/","title":{"rendered":"Gouvernance"},"content":{"rendered":"<section data-vc-full-width=\"true\" data-vc-full-width-init=\"false\" class=\"vc_section vc_custom_1570623654726 vc_section-has-fill\"><div data-vc-full-width=\"true\" data-vc-full-width-init=\"false\" data-stellar-offset-parent=\"true\"  class=\"vc_row wpb_row vc_row-fluid content-padding\"><div  class=\"wpb_column vc_column_container vc_col-sm-12\"><div class=\"vc_column-inner vc_custom_1570568016665\" style=\"\" ><div class=\"wpb_wrapper\">\n\t<div class=\"wpb_text_column wpb_content_element\" >\n\t\t<div class=\"wpb_wrapper\">\n\t\t\t<h3>\u00c9thique et conformit\u00e9<\/h3>\n\n\t\t<\/div>\n\t<\/div>\n\n\t<div class=\"wpb_text_column wpb_content_element\" >\n\t\t<div class=\"wpb_wrapper\">\n\t\t\t<h3>Traitement des rapports - d\u00e9nonciation<\/h3>\n<p>Mecaer Aviation Group (MAG) SpA adopte un processus de r\u00e9ception, d'analyse et de traitement des rapports (y compris anonymes) concernant la Soci\u00e9t\u00e9 envoy\u00e9s par des Tiers ou des Personnes du Groupe.<\/p>\n<p>Le processus est conforme aux changements r\u00e9glementaires introduits par le d\u00e9cret l\u00e9gislatif n\u00b0 24 du 10 mars 2023 portant transposition de la directive (UE) 2019\/1937 du Parlement europ\u00e9en et du Conseil du 23 octobre 2019 relative \u00e0 la protection des personnes qui signalent des violations du droit de l'Union et fixant des dispositions relatives \u00e0 la protection des personnes qui signalent des violations du droit national (dit \"d\u00e9cret sur les d\u00e9nonciations\").<\/p>\n<p>Le processus de gestion des d\u00e9nonciations fait partie int\u00e9grante du mod\u00e8le d'organisation, de gestion et de contr\u00f4le de MAG SpA conform\u00e9ment au d\u00e9cret l\u00e9gislatif n\u00b0 231\/2001.<\/p>\n<p>MAG SpA met en \u0153uvre une plate-forme informatique d\u00e9di\u00e9e \u00e0 l'envoi et \u00e0 la gestion des rapports, qui constitue le canal privil\u00e9gi\u00e9 pour l'envoi des rapports.<\/p>\n<p>Si vous souhaitez faire un rapport \u00e0 MAG SpA, acc\u00e9dez \u00e0 la plateforme:\u00a0<a href=\"https:\/\/areariservata.mygovernance.it\/#!\/WB\/Mecaer-Aviation-Group\">https:\/\/areariservata.mygovernance.it\/#!\/WB\/Mecaer-Aviation-Group<\/a><\/p>\n\n\t\t<\/div>\n\t<\/div>\n<\/div><\/div><\/div><\/div><div class=\"vc_row-full-width vc_clearfix\"><\/div><div data-vc-full-width=\"true\" data-vc-full-width-init=\"false\" data-stellar-offset-parent=\"true\"  class=\"vc_row wpb_row vc_row-fluid content-padding\"><div  class=\"wpb_column vc_column_container vc_col-sm-12\"><div class=\"vc_column-inner vc_custom_1570568016665\" style=\"\" ><div class=\"wpb_wrapper\">\n\t<div class=\"wpb_text_column wpb_content_element\" >\n\t\t<div class=\"wpb_wrapper\">\n\t\t\t<h3>Legislative Decree n. 231 of 8th June 2001 (\u201cDecree 231\u201d)<\/h3>\n\n\t\t<\/div>\n\t<\/div>\n\n\t<div class=\"wpb_text_column wpb_content_element\" >\n\t\t<div class=\"wpb_wrapper\">\n\t\t\t<p><a href=\"https:\/\/www.mecaer.com\/wp-content\/uploads\/2024\/07\/Mecaer-S.p.A._Modello-231-28.02.24.pdf\" target=\"_blank\" rel=\"noopener\">Download<\/a><\/p>\n\n\t\t<\/div>\n\t<\/div>\n<\/div><\/div><\/div><\/div><div class=\"vc_row-full-width vc_clearfix\"><\/div><\/section><div class=\"vc_row-full-width vc_clearfix\"><\/div>","protected":false},"excerpt":{"rendered":"Ethics &amp; Compliance Management of reports - Whistleblowing Mecaer Aviation Group (MAG) S.p.A. adopts a process for receiving, analyzing and processing reports (including anonymous ones) regarding the Company sent by Third Parties or Group Persons. The process complies with the regulatory changes introduced by Legislative Decree No. 24 of March 10, 2023, implementing Directive (EU) 2019\/1937 of the European Parliament [...]","protected":false},"author":1,"featured_media":0,"parent":0,"menu_order":0,"comment_status":"closed","ping_status":"closed","template":"","meta":{"inline_featured_image":false,"_monsterinsights_skip_tracking":false,"_monsterinsights_sitenote_active":false,"_monsterinsights_sitenote_note":"","_monsterinsights_sitenote_category":0,"footnotes":""},"class_list":["post-1037","page","type-page","status-publish","hentry"],"_links":{"self":[{"href":"https:\/\/www.mecaer.com\/fr\/wp-json\/wp\/v2\/pages\/1037","targetHints":{"allow":["GET"]}}],"collection":[{"href":"https:\/\/www.mecaer.com\/fr\/wp-json\/wp\/v2\/pages"}],"about":[{"href":"https:\/\/www.mecaer.com\/fr\/wp-json\/wp\/v2\/types\/page"}],"author":[{"embeddable":true,"href":"https:\/\/www.mecaer.com\/fr\/wp-json\/wp\/v2\/users\/1"}],"replies":[{"embeddable":true,"href":"https:\/\/www.mecaer.com\/fr\/wp-json\/wp\/v2\/comments?post=1037"}],"version-history":[{"count":13,"href":"https:\/\/www.mecaer.com\/fr\/wp-json\/wp\/v2\/pages\/1037\/revisions"}],"predecessor-version":[{"id":5558,"href":"https:\/\/www.mecaer.com\/fr\/wp-json\/wp\/v2\/pages\/1037\/revisions\/5558"}],"wp:attachment":[{"href":"https:\/\/www.mecaer.com\/fr\/wp-json\/wp\/v2\/media?parent=1037"}],"curies":[{"name":"wp","href":"https:\/\/api.w.org\/{rel}","templated":true}]}}