{"id":1062,"date":"2019-10-09T07:32:28","date_gmt":"2019-10-09T05:32:28","guid":{"rendered":"https:\/\/www.mecaer.com\/?page_id=1062"},"modified":"2025-03-05T13:54:18","modified_gmt":"2025-03-05T12:54:18","slug":"philadelphia","status":"publish","type":"page","link":"https:\/\/www.mecaer.com\/fr\/locations\/philadelphia\/","title":{"rendered":"Philadelphie"},"content":{"rendered":"<section data-vc-full-width=\"true\" data-vc-full-width-init=\"false\" class=\"vc_section color--text-inverted xtd-text-shadow--small-normal header-custom vc_custom_1571767317900 vc_section-has-fill\"><div data-stellar-offset-parent=\"true\"  class=\"vc_row wpb_row vc_row-fluid content-padding\"><div  class=\"wpb_column vc_column_container vc_col-sm-12 vc_col-lg-offset-2 vc_col-lg-8\"><div class=\"vc_column-inner vc_custom_1521399451046\" style=\"\" ><div class=\"wpb_wrapper\">\n\t<div class=\"wpb_text_column wpb_content_element\" >\n\t\t<div class=\"wpb_wrapper\">\n\t\t\t<h1 style=\"text-align: center;\">Philadelphie<\/h1>\n\n\t\t<\/div>\n\t<\/div>\n<\/div><\/div><\/div><\/div><\/section><div class=\"vc_row-full-width vc_clearfix\"><\/div><section data-vc-full-width=\"true\" data-vc-full-width-init=\"false\" class=\"vc_section vc_custom_1570479405485\"><div data-vc-full-width=\"true\" data-vc-full-width-init=\"false\" data-stellar-offset-parent=\"true\"  class=\"vc_row wpb_row vc_row-fluid bg-quarter-grey-bottom content-padding vc_custom_1570736532327\"><div  class=\"wpb_column vc_column_container vc_col-sm-4\"><div class=\"vc_column-inner vc_custom_1694510327718\" style=\"\" ><div class=\"wpb_wrapper\">\n\t<div class=\"wpb_text_column wpb_content_element  vc_custom_1694510316637\" >\n\t\t<div class=\"wpb_wrapper\">\n\t\t\t<p>Philadelphie est un centre pour l'installation de syst\u00e8mes internes pour les cabines d'h\u00e9licopt\u00e8res et pour les services de support apr\u00e8s-vente, de MRO et de r\u00e9novation.<\/p>\n\n\t\t<\/div>\n\t<\/div>\n<div class=\"vc_btn3-container vc_btn3-left\" ><a onmouseleave=\"this.style.borderColor='#2baae2'; this.style.backgroundColor='transparent'; this.style.color='#2baae2'\" onmouseenter=\"this.style.borderColor='#2baae2'; this.style.backgroundColor='#2baae2'; this.style.color='#ffffff';\" style=\"border-color:#2baae2; color:#2baae2;\" class=\"vc_general vc_btn3 vc_btn3-size-lg vc_btn3-shape-square vc_btn3-style-outline-custom\" href=\"https:\/\/vimeo.com\/120464466\" title=\"\">Voir la vid\u00e9o<\/a><\/div><\/div><\/div><\/div><div  class=\"z-index--2 wpb_column vc_column_container vc_col-sm-6 vc_col-sm-offset-2\"><div class=\"vc_column-inner vc_custom_1570629502745\" style=\"\" ><div class=\"wpb_wrapper\">\n\t<div class=\"wpb_single_image wpb_content_element vc_align_center\" style=\" \" >\n\t\t\n\t\t<figure class=\"wpb_wrapper vc_figure\">\n\t\t\t<div class=\"vc_single_image-wrapper xtd-shadow--normal-light  vc_box_border_grey\"><img loading=\"lazy\" decoding=\"async\" width=\"1081\" height=\"1081\" src=\"https:\/\/www.mecaer.com\/wp-content\/uploads\/2019\/11\/phila_ok.jpg\" class=\"vc_single_image-img attachment-full\" alt=\"\" \/><\/div>\n\t\t<\/figure>\n\t<\/div>\n<\/div><\/div><\/div><\/div><div class=\"vc_row-full-width vc_clearfix\"><\/div><\/section><div class=\"vc_row-full-width vc_clearfix\"><\/div><section data-vc-full-width=\"true\" data-vc-full-width-init=\"false\" class=\"vc_section bg-half-grey-sx vc_custom_1570629640503 vc_section-has-fill\"><div data-stellar-offset-parent=\"true\"  class=\"vc_row wpb_row vc_row-fluid content-padding-none vc_custom_1570551352412 vc_row-has-fill\"><div  class=\"content-padding-none wpb_column vc_column_container vc_col-sm-3 vc_col-lg-offset-0\"><div class=\"vc_column-inner vc_custom_1570551494528\" style=\"\" ><div class=\"wpb_wrapper\">\n\t<div class=\"wpb_text_column wpb_content_element  vc_custom_1694510351774\" >\n\t\t<div class=\"wpb_wrapper\">\n\t\t\t<p><strong>DESCRIPTION DU SITE<\/strong><\/p>\n\n\t\t<\/div>\n\t<\/div>\n<\/div><\/div><\/div><div  class=\"content-padding-none wpb_column vc_column_container vc_col-sm-8\"><div class=\"vc_column-inner vc_custom_1570630017588\" style=\"\" ><div class=\"wpb_wrapper\">\n\t<div class=\"wpb_text_column wpb_content_element\" >\n\t\t<div class=\"wpb_wrapper\">\n\t\t\t<p><strong>PARTIE 145 HANGAR<\/strong><\/p>\n<table>\n<tbody>\n<tr>\n<td width=\"70%\">Surface du hangar:<\/td>\n<td width=\"30%\"><strong>836 m\u00b2<\/strong><\/td>\n<\/tr>\n<tr>\n<td width=\"70%\">Superficie du magasin:<\/td>\n<td width=\"30%\"><strong>107 m\u00b2<\/strong><\/td>\n<\/tr>\n<tr>\n<td width=\"70%\">Espace de bureau en mezzanine:<\/td>\n<td width=\"30%\"><strong>117 m\u00b2<\/strong><\/td>\n<\/tr>\n<tr>\n<td colspan=\"2\">Zones de course au sol assign\u00e9es \u00e0 l'a\u00e9roport d\u00e9sign\u00e9es<\/td>\n<\/tr>\n<\/tbody>\n<\/table>\n<p><strong>PARTIE 21 CONSTRUCTION<\/strong><\/p>\n<table>\n<tbody>\n<tr>\n<td width=\"70%\">Espace de production:<\/td>\n<td width=\"30%\"><strong>427 m\u00b2<\/strong><\/td>\n<\/tr>\n<tr>\n<td width=\"70%\">Espace de stockage:<\/td>\n<td width=\"30%\"><strong>334 m\u00b2<\/strong><\/td>\n<\/tr>\n<tr>\n<td width=\"70%\">Espace administratif:<\/td>\n<td width=\"30%\"><strong>353 m\u00b2<\/strong><\/td>\n<\/tr>\n<\/tbody>\n<\/table>\n\n\t\t<\/div>\n\t<\/div>\n<\/div><\/div><\/div><\/div><div data-stellar-offset-parent=\"true\"  class=\"vc_row wpb_row vc_row-fluid content-padding-none vc_custom_1570482277855 vc_row-has-fill\"><div  class=\"wpb_column vc_column_container vc_col-sm-3\"><div class=\"vc_column-inner\" style=\"\" ><div class=\"wpb_wrapper\">\n\t<div class=\"wpb_text_column wpb_content_element\" >\n\t\t<div class=\"wpb_wrapper\">\n\t\t\t<p><strong>MAIN-D'\u0152UVRE<\/strong><\/p>\n\n\t\t<\/div>\n\t<\/div>\n<\/div><\/div><\/div><div  class=\"wpb_column vc_column_container vc_col-sm-8\"><div class=\"vc_column-inner\" style=\"\" ><div class=\"wpb_wrapper\">\n\t<div class=\"wpb_text_column wpb_content_element\" >\n\t\t<div class=\"wpb_wrapper\">\n\t\t\t<p><span class=\"Apple-converted-space\">\u00a0 <\/span>+ 40 people<\/p>\n\n\t\t<\/div>\n\t<\/div>\n<\/div><\/div><\/div><\/div><div data-stellar-offset-parent=\"true\"  class=\"vc_row wpb_row vc_row-fluid content-padding-none vc_custom_1570604164341 vc_row-has-fill\"><div  class=\"wpb_column vc_column_container vc_col-sm-3\"><div class=\"vc_column-inner\" style=\"\" ><div class=\"wpb_wrapper\">\n\t<div class=\"wpb_text_column wpb_content_element\" >\n\t\t<div class=\"wpb_wrapper\">\n\t\t\t<p><strong>APPROBATIONS<\/strong><\/p>\n\n\t\t<\/div>\n\t<\/div>\n<\/div><\/div><\/div><div  class=\"wpb_column vc_column_container vc_col-sm-8\"><div class=\"vc_column-inner\" style=\"\" ><div class=\"wpb_wrapper\">\n\t<div class=\"wpb_text_column wpb_content_element\" >\n\t\t<div class=\"wpb_wrapper\">\n\t\t\t<p>Le site est certifi\u00e9\/qualifi\u00e9 : station de r\u00e9paration FAA Part 145 et centre d'assistance certifi\u00e9 AgustaWestland.<\/p>\n\n\t\t<\/div>\n\t<\/div>\n<\/div><\/div><\/div><\/div><\/section><div class=\"vc_row-full-width vc_clearfix\"><\/div>","protected":false},"excerpt":{"rendered":"Philadelphia Philadelphie est un centre d'installation de syst\u00e8mes d'int\u00e9rieur de cabine d'h\u00e9licopt\u00e8re et de services de soutien apr\u00e8s-vente, de MRO et de remise \u00e0 neuf. Play video DESCRIPTION DU SITE PART 145 HANGAR Surface du hangar: 9,000 Pieds carr\u00e9s Espace au sol de l'atelier: 1,154 Pieds carr\u00e9s Espace de bureau mezzanine: 1,260 Pieds carr\u00e9s Zones de roulement au sol d\u00e9sign\u00e9es [...]","protected":false},"author":1,"featured_media":0,"parent":1114,"menu_order":0,"comment_status":"closed","ping_status":"closed","template":"","meta":{"inline_featured_image":false,"_monsterinsights_skip_tracking":false,"_monsterinsights_sitenote_active":false,"_monsterinsights_sitenote_note":"","_monsterinsights_sitenote_category":0,"footnotes":""},"class_list":["post-1062","page","type-page","status-publish","hentry"],"_links":{"self":[{"href":"https:\/\/www.mecaer.com\/fr\/wp-json\/wp\/v2\/pages\/1062","targetHints":{"allow":["GET"]}}],"collection":[{"href":"https:\/\/www.mecaer.com\/fr\/wp-json\/wp\/v2\/pages"}],"about":[{"href":"https:\/\/www.mecaer.com\/fr\/wp-json\/wp\/v2\/types\/page"}],"author":[{"embeddable":true,"href":"https:\/\/www.mecaer.com\/fr\/wp-json\/wp\/v2\/users\/1"}],"replies":[{"embeddable":true,"href":"https:\/\/www.mecaer.com\/fr\/wp-json\/wp\/v2\/comments?post=1062"}],"version-history":[{"count":3,"href":"https:\/\/www.mecaer.com\/fr\/wp-json\/wp\/v2\/pages\/1062\/revisions"}],"predecessor-version":[{"id":5561,"href":"https:\/\/www.mecaer.com\/fr\/wp-json\/wp\/v2\/pages\/1062\/revisions\/5561"}],"up":[{"embeddable":true,"href":"https:\/\/www.mecaer.com\/fr\/wp-json\/wp\/v2\/pages\/1114"}],"wp:attachment":[{"href":"https:\/\/www.mecaer.com\/fr\/wp-json\/wp\/v2\/media?parent=1062"}],"curies":[{"name":"wp","href":"https:\/\/api.w.org\/{rel}","templated":true}]}}