{"id":1178,"date":"2019-10-09T17:24:57","date_gmt":"2019-10-09T15:24:57","guid":{"rendered":"https:\/\/www.mecaer.com\/?page_id=1178"},"modified":"2023-09-19T10:38:33","modified_gmt":"2023-09-19T08:38:33","slug":"monteprandone","status":"publish","type":"page","link":"https:\/\/www.mecaer.com\/fr\/locations\/monteprandone\/","title":{"rendered":"Monteprandone"},"content":{"rendered":"<section data-vc-full-width=\"true\" data-vc-full-width-init=\"false\" class=\"vc_section color--text-inverted xtd-text-shadow--small-normal header-custom vc_custom_1571732364968 vc_section-has-fill\"><div data-stellar-offset-parent=\"true\"  class=\"vc_row wpb_row vc_row-fluid content-padding\"><div  class=\"wpb_column vc_column_container vc_col-sm-12 vc_col-lg-offset-2 vc_col-lg-8\"><div class=\"vc_column-inner vc_custom_1521399451046\" style=\"\" ><div class=\"wpb_wrapper\">\n\t<div class=\"wpb_text_column wpb_content_element\" >\n\t\t<div class=\"wpb_wrapper\">\n\t\t\t<h1 style=\"text-align: center;\">Monteprandone<\/h1>\n\n\t\t<\/div>\n\t<\/div>\n<\/div><\/div><\/div><\/div><\/section><div class=\"vc_row-full-width vc_clearfix\"><\/div><section data-vc-full-width=\"true\" data-vc-full-width-init=\"false\" class=\"vc_section vc_custom_1570479405485\"><div data-vc-full-width=\"true\" data-vc-full-width-init=\"false\" data-stellar-offset-parent=\"true\"  class=\"vc_row wpb_row vc_row-fluid bg-quarter-grey-bottom content-padding vc_custom_1570736502977\"><div  class=\"wpb_column vc_column_container vc_col-sm-4\"><div class=\"vc_column-inner vc_custom_1570476349164\" style=\"\" ><div class=\"wpb_wrapper\">\n\t<div class=\"wpb_text_column wpb_content_element  vc_custom_1695112656589\" >\n\t\t<div class=\"wpb_wrapper\">\n\t\t\t<p>Monteprandone est un centre de conception et de production de syst\u00e8mes internes pour cabines d'h\u00e9licopt\u00e8res et de services apr\u00e8s-vente, MRO et R\u00e9novation. On trouve \u00e9galement sur le site le centre : Air Center \"one stop shop\" MAG.<\/p>\n\n\t\t<\/div>\n\t<\/div>\n<div class=\"vc_btn3-container vc_btn3-left\" ><a onmouseleave=\"this.style.borderColor='#2baae2'; this.style.backgroundColor='transparent'; this.style.color='#2baae2'\" onmouseenter=\"this.style.borderColor='#2baae2'; this.style.backgroundColor='#2baae2'; this.style.color='#ffffff';\" style=\"border-color:#2baae2; color:#2baae2;\" class=\"vc_general vc_btn3 vc_btn3-size-lg vc_btn3-shape-square vc_btn3-style-outline-custom\" href=\"https:\/\/vimeo.com\/166484298\" title=\"\" target=\"_blank\">Voir la vid\u00e9o<\/a><\/div><\/div><\/div><\/div><div  class=\"z-index--2 wpb_column vc_column_container vc_col-sm-6 vc_col-sm-offset-2\"><div class=\"vc_column-inner vc_custom_1570629502745\" style=\"\" ><div class=\"wpb_wrapper\">\n\t<div class=\"wpb_single_image wpb_content_element vc_align_center\" style=\" \" >\n\t\t\n\t\t<figure class=\"wpb_wrapper vc_figure\">\n\t\t\t<div class=\"vc_single_image-wrapper xtd-shadow--normal-light  vc_box_border_grey\"><img loading=\"lazy\" decoding=\"async\" width=\"1081\" height=\"1081\" src=\"https:\/\/www.mecaer.com\/wp-content\/uploads\/2019\/10\/mon_01.jpg\" class=\"vc_single_image-img attachment-full\" alt=\"\" \/><\/div>\n\t\t<\/figure>\n\t<\/div>\n<\/div><\/div><\/div><\/div><div class=\"vc_row-full-width vc_clearfix\"><\/div><\/section><div class=\"vc_row-full-width vc_clearfix\"><\/div><section data-vc-full-width=\"true\" data-vc-full-width-init=\"false\" class=\"vc_section bg-half-grey-sx vc_custom_1570629640503 vc_section-has-fill\"><div data-stellar-offset-parent=\"true\"  class=\"vc_row wpb_row vc_row-fluid content-padding-none vc_custom_1570551352412 vc_row-has-fill\"><div  class=\"content-padding-none wpb_column vc_column_container vc_col-sm-3 vc_col-lg-offset-0\"><div class=\"vc_column-inner vc_custom_1570551494528\" style=\"\" ><div class=\"wpb_wrapper\">\n\t<div class=\"wpb_text_column wpb_content_element  vc_custom_1695112666008\" >\n\t\t<div class=\"wpb_wrapper\">\n\t\t\t<p><strong>DESCRIPTION DU SITE<\/strong><\/p>\n\n\t\t<\/div>\n\t<\/div>\n<\/div><\/div><\/div><div  class=\"content-padding-none wpb_column vc_column_container vc_col-sm-8\"><div class=\"vc_column-inner vc_custom_1695112673312\" style=\"\" ><div class=\"wpb_wrapper\">\n\t<div class=\"wpb_text_column wpb_content_element\" >\n\t\t<div class=\"wpb_wrapper\">\n\t\t\t<table>\n<tbody>\n<tr>\n<td width=\"70%\">Total Area Space:<\/td>\n<td width=\"30%\"><strong>545 000 m\u00b2<\/strong><\/td>\n<\/tr>\n<tr>\n<td width=\"70%\">Shop &amp; Office Space:<\/td>\n<td width=\"30%\"><strong>16 800 m\u00b2<\/strong><\/td>\n<\/tr>\n<tr>\n<td width=\"70%\">Helipad:<\/td>\n<td width=\"30%\"><strong>40 m * 35 m<\/strong><\/td>\n<\/tr>\n<tr>\n<td width=\"70%\">5 parking area:<\/td>\n<td width=\"30%\"><strong>4 m diameter \/each<\/strong><\/td>\n<\/tr>\n<tr>\n<td width=\"70%\">Piste priv\u00e9e:<\/td>\n<td width=\"30%\"><strong>800 m (1 800 m d'ici fin 2015)<\/strong><\/td>\n<\/tr>\n<tr>\n<td width=\"70%\">Projet d'agrandissement approuv\u00e9:<\/td>\n<td width=\"30%\"><strong>2 500 m\u00b2 de FBO, hangar et nouvel espace commercial.<\/strong><\/td>\n<\/tr>\n<\/tbody>\n<\/table>\n\n\t\t<\/div>\n\t<\/div>\n<\/div><\/div><\/div><\/div><div data-stellar-offset-parent=\"true\"  class=\"vc_row wpb_row vc_row-fluid content-padding-none vc_custom_1570482277855 vc_row-has-fill\"><div  class=\"wpb_column vc_column_container vc_col-sm-3\"><div class=\"vc_column-inner\" style=\"\" ><div class=\"wpb_wrapper\">\n\t<div class=\"wpb_text_column wpb_content_element\" >\n\t\t<div class=\"wpb_wrapper\">\n\t\t\t<p><strong>MAIN-D'\u0152UVRE<\/strong><\/p>\n\n\t\t<\/div>\n\t<\/div>\n<\/div><\/div><\/div><div  class=\"wpb_column vc_column_container vc_col-sm-8\"><div class=\"vc_column-inner\" style=\"\" ><div class=\"wpb_wrapper\">\n\t<div class=\"wpb_text_column wpb_content_element\" >\n\t\t<div class=\"wpb_wrapper\">\n\t\t\t<p>150 personnes plus environ 60 personnes actuellement \u00e0 Vergiate.<\/p>\n\n\t\t<\/div>\n\t<\/div>\n<\/div><\/div><\/div><\/div><div data-stellar-offset-parent=\"true\"  class=\"vc_row wpb_row vc_row-fluid content-padding-none vc_custom_1570604164341 vc_row-has-fill\"><div  class=\"wpb_column vc_column_container vc_col-sm-3\"><div class=\"vc_column-inner\" style=\"\" ><div class=\"wpb_wrapper\">\n\t<div class=\"wpb_text_column wpb_content_element\" >\n\t\t<div class=\"wpb_wrapper\">\n\t\t\t<p><strong>APPROBATIONS<\/strong><\/p>\n\n\t\t<\/div>\n\t<\/div>\n<\/div><\/div><\/div><div  class=\"wpb_column vc_column_container vc_col-sm-8\"><div class=\"vc_column-inner\" style=\"\" ><div class=\"wpb_wrapper\">\n\t<div class=\"wpb_text_column wpb_content_element\" >\n\t\t<div class=\"wpb_wrapper\">\n\t\t\t<p>partie 21 chapitres G (production) et J (conception), partie 145 (maintenance) et partie M (poursuite de l'a\u00e9ronavigabilit\u00e9) sous l'autorit\u00e9 de l'EASA\/ENAC, uni EN 9100\/9110, AER-Q-2110\/2120.<\/p>\n\n\t\t<\/div>\n\t<\/div>\n<\/div><\/div><\/div><\/div><\/section><div class=\"vc_row-full-width vc_clearfix\"><\/div>","protected":false},"excerpt":{"rendered":"Monteprandone Monteprandone is a centre of the design and production of helicopter cabin interior systems and for after-sale support, MRO and Refurbishment Services.\u00a0MAG \u201cone stop shop\u201d Air Center is also located in the site. Voir la vid\u00e9o SITE DESCRIPTION Total Area Space: 545.000 m^2 Shop &amp; Office Space: 16.800 m^2 Helipad: 40 m * 35 m 5 parking area: 4 [...]","protected":false},"author":1,"featured_media":0,"parent":1114,"menu_order":0,"comment_status":"closed","ping_status":"closed","template":"","meta":{"inline_featured_image":false,"_monsterinsights_skip_tracking":false,"_monsterinsights_sitenote_active":false,"_monsterinsights_sitenote_note":"","_monsterinsights_sitenote_category":0,"footnotes":""},"class_list":["post-1178","page","type-page","status-publish","hentry"],"_links":{"self":[{"href":"https:\/\/www.mecaer.com\/fr\/wp-json\/wp\/v2\/pages\/1178","targetHints":{"allow":["GET"]}}],"collection":[{"href":"https:\/\/www.mecaer.com\/fr\/wp-json\/wp\/v2\/pages"}],"about":[{"href":"https:\/\/www.mecaer.com\/fr\/wp-json\/wp\/v2\/types\/page"}],"author":[{"embeddable":true,"href":"https:\/\/www.mecaer.com\/fr\/wp-json\/wp\/v2\/users\/1"}],"replies":[{"embeddable":true,"href":"https:\/\/www.mecaer.com\/fr\/wp-json\/wp\/v2\/comments?post=1178"}],"version-history":[{"count":4,"href":"https:\/\/www.mecaer.com\/fr\/wp-json\/wp\/v2\/pages\/1178\/revisions"}],"predecessor-version":[{"id":5532,"href":"https:\/\/www.mecaer.com\/fr\/wp-json\/wp\/v2\/pages\/1178\/revisions\/5532"}],"up":[{"embeddable":true,"href":"https:\/\/www.mecaer.com\/fr\/wp-json\/wp\/v2\/pages\/1114"}],"wp:attachment":[{"href":"https:\/\/www.mecaer.com\/fr\/wp-json\/wp\/v2\/media?parent=1178"}],"curies":[{"name":"wp","href":"https:\/\/api.w.org\/{rel}","templated":true}]}}