{"id":1299,"date":"2019-10-15T10:05:46","date_gmt":"2019-10-15T08:05:46","guid":{"rendered":"https:\/\/www.mecaer.com\/?page_id=1299"},"modified":"2023-09-19T09:46:50","modified_gmt":"2023-09-19T07:46:50","slug":"landing-systems","status":"publish","type":"page","link":"https:\/\/www.mecaer.com\/fr\/business-units\/landing-systems\/","title":{"rendered":"Syst\u00e8mes d'Atterrissage"},"content":{"rendered":"<section class=\"vc_section\"><div data-stellar-offset-parent=\"true\"  class=\"vc_row wpb_row vc_row-fluid mb-10rem content-padding vc_row-o-content-middle vc_row-flex\"><div  class=\"wpb_column vc_column_container vc_col-sm-6 vc_col-lg-offset-1 vc_col-lg-4\"><div class=\"vc_column-inner\" style=\"\" ><div class=\"wpb_wrapper\">\n\t<div class=\"wpb_text_column wpb_content_element\" >\n\t\t<div class=\"wpb_wrapper\">\n\t\t\t<h2 class=\"special-title\">Structure<\/h2>\n<p>Train d'atterrissage avant<br \/>\n<span style=\"font-size: 1rem;\">Trains d'atterrissage principaux<br \/>\n<\/span><span style=\"font-size: 1rem;\">Syst\u00e8mes de verrouillage<\/span><\/p>\n\n\t\t<\/div>\n\t<\/div>\n<div class=\"vc_empty_space  d-none d-md-block\"   style=\"height: 6rem\"><span class=\"vc_empty_space_inner\"><\/span><\/div><\/div><\/div><\/div><div  class=\"wpb_column vc_column_container vc_col-sm-6 vc_col-lg-offset-1 vc_col-lg-5\"><div class=\"vc_column-inner\" style=\"\" ><div class=\"wpb_wrapper\"><div class=\"wpb_images_carousel wpb_content_element vc_clearfix vc_custom_1576232810779 xtd-shadow--large-light\"><div class=\"wpb_wrapper\"><div id=\"vc_images-carousel-1-1776184461\" data-ride=\"vc_carousel\" data-wrap=\"true\" style=\"width: 100%;\" data-interval=\"5000\" data-auto-height=\"yes\" data-mode=\"horizontal\" data-partial=\"false\" data-per-view=\"1\" data-hide-on-end=\"false\" class=\"vc_slide vc_images_carousel\"><ol class=\"vc_carousel-indicators\"><li data-target=\"#vc_images-carousel-1-1776184461\" data-slide-to=\"0\"><\/li><li data-target=\"#vc_images-carousel-1-1776184461\" data-slide-to=\"1\"><\/li><li data-target=\"#vc_images-carousel-1-1776184461\" data-slide-to=\"2\"><\/li><li data-target=\"#vc_images-carousel-1-1776184461\" data-slide-to=\"3\"><\/li><li data-target=\"#vc_images-carousel-1-1776184461\" data-slide-to=\"4\"><\/li><li data-target=\"#vc_images-carousel-1-1776184461\" data-slide-to=\"5\"><\/li><\/ol><div class=\"vc_carousel-inner\"><div class=\"vc_carousel-slideline\"><div class=\"vc_carousel-slideline-inner\"><div class=\"vc_item\"><div class=\"vc_inner\"><img loading=\"lazy\" decoding=\"async\" width=\"1081\" height=\"1081\" src=\"https:\/\/www.mecaer.com\/wp-content\/uploads\/2019\/11\/nuova_strutc.jpg\" class=\"attachment-full\" alt=\"\" \/><\/div><\/div><div class=\"vc_item\"><div class=\"vc_inner\"><img loading=\"lazy\" decoding=\"async\" width=\"1081\" height=\"1081\" src=\"https:\/\/www.mecaer.com\/wp-content\/uploads\/2019\/11\/la_str_02.jpg\" class=\"attachment-full\" alt=\"\" \/><\/div><\/div><div class=\"vc_item\"><div class=\"vc_inner\"><img loading=\"lazy\" decoding=\"async\" width=\"1081\" height=\"1081\" src=\"https:\/\/www.mecaer.com\/wp-content\/uploads\/2019\/11\/la_str_04.jpg\" class=\"attachment-full\" alt=\"\" \/><\/div><\/div><div class=\"vc_item\"><div class=\"vc_inner\"><img loading=\"lazy\" decoding=\"async\" width=\"2736\" height=\"2736\" src=\"https:\/\/www.mecaer.com\/wp-content\/uploads\/2019\/11\/struct_05.jpg\" class=\"attachment-full\" alt=\"\" \/><\/div><\/div><div class=\"vc_item\"><div class=\"vc_inner\"><img loading=\"lazy\" decoding=\"async\" width=\"1081\" height=\"1081\" src=\"https:\/\/www.mecaer.com\/wp-content\/uploads\/2019\/11\/la_str_06.jpg\" class=\"attachment-full\" alt=\"\" \/><\/div><\/div><div class=\"vc_item\"><div class=\"vc_inner\"><img loading=\"lazy\" decoding=\"async\" width=\"1081\" height=\"1081\" src=\"https:\/\/www.mecaer.com\/wp-content\/uploads\/2019\/11\/la_str_07.jpg\" class=\"attachment-full\" alt=\"\" \/><\/div><\/div><\/div><\/div><\/div><a class=\"vc_left vc_carousel-control\" href=\"#vc_images-carousel-1-1776184461\" data-slide=\"prev\"><span class=\"icon-prev\"><\/span><\/a><a class=\"vc_right vc_carousel-control\" href=\"#vc_images-carousel-1-1776184461\" data-slide=\"next\"><span class=\"icon-next\"><\/span><\/a><\/div><\/div><\/div><\/div><\/div><\/div><\/div><div data-stellar-offset-parent=\"true\"  class=\"vc_row wpb_row vc_row-fluid vc_row_inverse content-padding-xxl vc_custom_1571845255584 vc_row-has-fill vc_row-o-content-middle vc_row-flex\"><div  class=\"wpb_column vc_column_container vc_col-sm-6 vc_col-lg-offset-1 vc_col-lg-5\"><div class=\"vc_column-inner\" style=\"\" ><div class=\"wpb_wrapper\"><div class=\"wpb_images_carousel wpb_content_element vc_clearfix xtd-shadow--large-light\"><div class=\"wpb_wrapper\"><div id=\"vc_images-carousel-2-1776184461\" data-ride=\"vc_carousel\" data-wrap=\"true\" style=\"width: 100%;\" data-interval=\"3000\" data-auto-height=\"yes\" data-mode=\"horizontal\" data-partial=\"false\" data-per-view=\"1\" data-hide-on-end=\"false\" class=\"vc_slide vc_images_carousel\"><ol class=\"vc_carousel-indicators\"><li data-target=\"#vc_images-carousel-2-1776184461\" data-slide-to=\"0\"><\/li><li data-target=\"#vc_images-carousel-2-1776184461\" data-slide-to=\"1\"><\/li><li data-target=\"#vc_images-carousel-2-1776184461\" data-slide-to=\"2\"><\/li><li data-target=\"#vc_images-carousel-2-1776184461\" data-slide-to=\"3\"><\/li><li data-target=\"#vc_images-carousel-2-1776184461\" data-slide-to=\"4\"><\/li><li data-target=\"#vc_images-carousel-2-1776184461\" data-slide-to=\"5\"><\/li><\/ol><div class=\"vc_carousel-inner\"><div class=\"vc_carousel-slideline\"><div class=\"vc_carousel-slideline-inner\"><div class=\"vc_item\"><div class=\"vc_inner\"><img loading=\"lazy\" decoding=\"async\" width=\"2736\" height=\"2736\" src=\"https:\/\/www.mecaer.com\/wp-content\/uploads\/2019\/11\/retract_01.jpg\" class=\"attachment-full\" alt=\"\" \/><\/div><\/div><div class=\"vc_item\"><div class=\"vc_inner\"><img loading=\"lazy\" decoding=\"async\" width=\"1081\" height=\"1081\" src=\"https:\/\/www.mecaer.com\/wp-content\/uploads\/2019\/11\/lan_rea_02.jpg\" class=\"attachment-full\" alt=\"\" \/><\/div><\/div><div class=\"vc_item\"><div class=\"vc_inner\"><img loading=\"lazy\" decoding=\"async\" width=\"2736\" height=\"2736\" src=\"https:\/\/www.mecaer.com\/wp-content\/uploads\/2019\/11\/retract_03.jpg\" class=\"attachment-full\" alt=\"\" \/><\/div><\/div><div class=\"vc_item\"><div class=\"vc_inner\"><img loading=\"lazy\" decoding=\"async\" width=\"2736\" height=\"2736\" src=\"https:\/\/www.mecaer.com\/wp-content\/uploads\/2019\/11\/retract_05.jpg\" class=\"attachment-full\" alt=\"\" \/><\/div><\/div><div class=\"vc_item\"><div class=\"vc_inner\"><img loading=\"lazy\" decoding=\"async\" width=\"1081\" height=\"1081\" src=\"https:\/\/www.mecaer.com\/wp-content\/uploads\/2019\/11\/lan_rea_06.jpg\" class=\"attachment-full\" alt=\"\" \/><\/div><\/div><div class=\"vc_item\"><div class=\"vc_inner\"><img loading=\"lazy\" decoding=\"async\" width=\"2736\" height=\"2736\" src=\"https:\/\/www.mecaer.com\/wp-content\/uploads\/2019\/11\/retract_07.jpg\" class=\"attachment-full\" alt=\"\" \/><\/div><\/div><\/div><\/div><\/div><a class=\"vc_left vc_carousel-control\" href=\"#vc_images-carousel-2-1776184461\" data-slide=\"prev\"><span class=\"icon-prev\"><\/span><\/a><a class=\"vc_right vc_carousel-control\" href=\"#vc_images-carousel-2-1776184461\" data-slide=\"next\"><span class=\"icon-next\"><\/span><\/a><\/div><\/div><\/div><\/div><\/div><\/div><div  class=\"wpb_column vc_column_container vc_col-sm-6 vc_col-lg-offset-1 vc_col-lg-4\"><div class=\"vc_column-inner\" style=\"\" ><div class=\"wpb_wrapper\">\n\t<div class=\"wpb_text_column wpb_content_element\" >\n\t\t<div class=\"wpb_wrapper\">\n\t\t\t<h2 class=\"special-title\">R\u00e9tractation<\/h2>\n<p>Hydraulique<br \/>\n<span style=\"font-size: 1rem;\">\u00c9lectrom\u00e9canique<\/span><\/p>\n\n\t\t<\/div>\n\t<\/div>\n<\/div><\/div><\/div><\/div><div data-stellar-offset-parent=\"true\"  class=\"vc_row wpb_row vc_row-fluid content-padding-xs vc_custom_1521648505973 vc_row-o-content-middle vc_row-flex\"><div  class=\"wpb_column vc_column_container vc_col-sm-6 vc_col-lg-offset-1 vc_col-lg-4\"><div class=\"vc_column-inner\" style=\"\" ><div class=\"wpb_wrapper\"><div class=\"vc_empty_space\"   style=\"height: 6rem\"><span class=\"vc_empty_space_inner\"><\/span><\/div>\n\t<div class=\"wpb_text_column wpb_content_element\" >\n\t\t<div class=\"wpb_wrapper\">\n\t\t\t<h2 class=\"special-title\">Int\u00e9gration<\/h2>\n<p>Roues et freins<br \/>\n<span style=\"font-size: 1rem;\">Syst\u00e8mes de contr\u00f4le<\/span><br \/>\n<span style=\"font-size: 1rem;\">Syst\u00e8mes de direction<\/span><\/p>\n\n\t\t<\/div>\n\t<\/div>\n<\/div><\/div><\/div><div  class=\"wpb_column vc_column_container vc_col-sm-6 vc_col-lg-offset-1 vc_col-lg-5\"><div class=\"vc_column-inner\" style=\"\" ><div class=\"wpb_wrapper\"><div class=\"wpb_images_carousel wpb_content_element vc_clearfix xtd-shadow--large-light\"><div class=\"wpb_wrapper\"><div id=\"vc_images-carousel-3-1776184461\" data-ride=\"vc_carousel\" data-wrap=\"true\" style=\"width: 100%;\" data-interval=\"5000\" data-auto-height=\"yes\" data-mode=\"horizontal\" data-partial=\"false\" data-per-view=\"1\" data-hide-on-end=\"false\" class=\"vc_slide vc_images_carousel\"><ol class=\"vc_carousel-indicators\"><li data-target=\"#vc_images-carousel-3-1776184461\" data-slide-to=\"0\"><\/li><li data-target=\"#vc_images-carousel-3-1776184461\" data-slide-to=\"1\"><\/li><li data-target=\"#vc_images-carousel-3-1776184461\" data-slide-to=\"2\"><\/li><li data-target=\"#vc_images-carousel-3-1776184461\" data-slide-to=\"3\"><\/li><li data-target=\"#vc_images-carousel-3-1776184461\" data-slide-to=\"4\"><\/li><\/ol><div class=\"vc_carousel-inner\"><div class=\"vc_carousel-slideline\"><div class=\"vc_carousel-slideline-inner\"><div class=\"vc_item\"><div class=\"vc_inner\"><img loading=\"lazy\" decoding=\"async\" width=\"1081\" height=\"1081\" src=\"https:\/\/www.mecaer.com\/wp-content\/uploads\/2019\/11\/lan_inte_01.jpg\" class=\"attachment-full\" alt=\"\" \/><\/div><\/div><div class=\"vc_item\"><div class=\"vc_inner\"><img loading=\"lazy\" decoding=\"async\" width=\"2736\" height=\"2736\" src=\"https:\/\/www.mecaer.com\/wp-content\/uploads\/2019\/11\/inte_03.jpg\" class=\"attachment-full\" alt=\"\" \/><\/div><\/div><div class=\"vc_item\"><div class=\"vc_inner\"><img loading=\"lazy\" decoding=\"async\" width=\"2736\" height=\"2736\" src=\"https:\/\/www.mecaer.com\/wp-content\/uploads\/2019\/11\/inte_04.jpg\" class=\"attachment-full\" alt=\"\" \/><\/div><\/div><div class=\"vc_item\"><div class=\"vc_inner\"><img loading=\"lazy\" decoding=\"async\" width=\"1081\" height=\"1081\" src=\"https:\/\/www.mecaer.com\/wp-content\/uploads\/2019\/11\/add.jpg\" class=\"attachment-full\" alt=\"\" \/><\/div><\/div><div class=\"vc_item\"><div class=\"vc_inner\"><img loading=\"lazy\" decoding=\"async\" width=\"1081\" height=\"1081\" src=\"https:\/\/www.mecaer.com\/wp-content\/uploads\/2019\/11\/lan_inte_07.jpg\" class=\"attachment-full\" alt=\"\" \/><\/div><\/div><\/div><\/div><\/div><a class=\"vc_left vc_carousel-control\" href=\"#vc_images-carousel-3-1776184461\" data-slide=\"prev\"><span class=\"icon-prev\"><\/span><\/a><a class=\"vc_right vc_carousel-control\" href=\"#vc_images-carousel-3-1776184461\" data-slide=\"next\"><span class=\"icon-next\"><\/span><\/a><\/div><\/div><\/div><\/div><\/div><\/div><\/div><div data-stellar-offset-parent=\"true\"  class=\"vc_row wpb_row vc_row-fluid vc_row_inverse content-padding-xxl vc_custom_1573639769875 vc_row-has-fill vc_row-o-content-middle vc_row-flex\"><div  class=\"wpb_column vc_column_container vc_col-sm-6 vc_col-lg-offset-1 vc_col-lg-5\"><div class=\"vc_column-inner\" style=\"\" ><div class=\"wpb_wrapper\"><div class=\"wpb_images_carousel wpb_content_element vc_clearfix xtd-shadow--large-light\"><div class=\"wpb_wrapper\"><div id=\"vc_images-carousel-4-1776184461\" data-ride=\"vc_carousel\" data-wrap=\"true\" style=\"width: 100%;\" data-interval=\"3000\" data-auto-height=\"yes\" data-mode=\"horizontal\" data-partial=\"false\" data-per-view=\"1\" data-hide-on-end=\"false\" class=\"vc_slide vc_images_carousel\"><ol class=\"vc_carousel-indicators\"><li data-target=\"#vc_images-carousel-4-1776184461\" data-slide-to=\"0\"><\/li><li data-target=\"#vc_images-carousel-4-1776184461\" data-slide-to=\"1\"><\/li><li data-target=\"#vc_images-carousel-4-1776184461\" data-slide-to=\"2\"><\/li><li data-target=\"#vc_images-carousel-4-1776184461\" data-slide-to=\"3\"><\/li><li data-target=\"#vc_images-carousel-4-1776184461\" data-slide-to=\"4\"><\/li><li data-target=\"#vc_images-carousel-4-1776184461\" data-slide-to=\"5\"><\/li><\/ol><div class=\"vc_carousel-inner\"><div class=\"vc_carousel-slideline\"><div class=\"vc_carousel-slideline-inner\"><div class=\"vc_item\"><div class=\"vc_inner\"><img loading=\"lazy\" decoding=\"async\" width=\"1081\" height=\"1081\" src=\"https:\/\/www.mecaer.com\/wp-content\/uploads\/2019\/11\/test_01.jpg\" class=\"attachment-full\" alt=\"\" \/><\/div><\/div><div class=\"vc_item\"><div class=\"vc_inner\"><img loading=\"lazy\" decoding=\"async\" width=\"1081\" height=\"1081\" src=\"https:\/\/www.mecaer.com\/wp-content\/uploads\/2019\/11\/test_02.jpg\" class=\"attachment-full\" alt=\"\" \/><\/div><\/div><div class=\"vc_item\"><div class=\"vc_inner\"><img loading=\"lazy\" decoding=\"async\" width=\"1081\" height=\"1081\" src=\"https:\/\/www.mecaer.com\/wp-content\/uploads\/2019\/11\/test_03.jpg\" class=\"attachment-full\" alt=\"\" \/><\/div><\/div><div class=\"vc_item\"><div class=\"vc_inner\"><img loading=\"lazy\" decoding=\"async\" width=\"1081\" height=\"1081\" src=\"https:\/\/www.mecaer.com\/wp-content\/uploads\/2019\/11\/test_04.jpg\" class=\"attachment-full\" alt=\"\" \/><\/div><\/div><div class=\"vc_item\"><div class=\"vc_inner\"><img loading=\"lazy\" decoding=\"async\" width=\"1081\" height=\"1081\" src=\"https:\/\/www.mecaer.com\/wp-content\/uploads\/2019\/11\/test_05.jpg\" class=\"attachment-full\" alt=\"\" \/><\/div><\/div><div class=\"vc_item\"><div class=\"vc_inner\"><img loading=\"lazy\" decoding=\"async\" width=\"1081\" height=\"1081\" src=\"https:\/\/www.mecaer.com\/wp-content\/uploads\/2019\/11\/test_06.jpg\" class=\"attachment-full\" alt=\"\" \/><\/div><\/div><\/div><\/div><\/div><a class=\"vc_left vc_carousel-control\" href=\"#vc_images-carousel-4-1776184461\" data-slide=\"prev\"><span class=\"icon-prev\"><\/span><\/a><a class=\"vc_right vc_carousel-control\" href=\"#vc_images-carousel-4-1776184461\" data-slide=\"next\"><span class=\"icon-next\"><\/span><\/a><\/div><\/div><\/div><\/div><\/div><\/div><div  class=\"wpb_column vc_column_container vc_col-sm-6 vc_col-lg-offset-1 vc_col-lg-4\"><div class=\"vc_column-inner\" style=\"\" ><div class=\"wpb_wrapper\">\n\t<div class=\"wpb_text_column wpb_content_element\" >\n\t\t<div class=\"wpb_wrapper\">\n\t\t\t<h2 class=\"special-title\">Laboratoire d\u2019essai<\/h2>\n<p>Test de chute (vitesse de chute de plus de 13 fps)<br \/>\nEssais de charge limite, limite et de fatigue<br \/>\nEssais d'extension\/r\u00e9traction et r\u00e9sistance \u00e0 la direction<br \/>\nTest dynamique Shimmy pour les trains avant<br \/>\nTests environnementaux (temp\u00e9rature, EMI\/EMC)<\/p>\n\n\t\t<\/div>\n\t<\/div>\n<\/div><\/div><\/div><\/div><\/section>","protected":false},"excerpt":{"rendered":"Structure Nose Landing Gears Main Landing Gears Uplocks Retraction Hydraulic Electro Mechanical Integration Wheels &amp; Brakes Control Systems Steering Test Lab Drop tests (13+ fps sink speed) Limit, Ultimate and Fatigue Load tests Extension\/Retraction and Steering Endurance tests NLG Shimmy Dynamic testing Environmental Testing (Temperature, EMI\/EMC)","protected":false},"author":1,"featured_media":0,"parent":597,"menu_order":0,"comment_status":"closed","ping_status":"closed","template":"","meta":{"inline_featured_image":false,"_monsterinsights_skip_tracking":false,"_monsterinsights_sitenote_active":false,"_monsterinsights_sitenote_note":"","_monsterinsights_sitenote_category":0,"footnotes":""},"class_list":["post-1299","page","type-page","status-publish","hentry"],"_links":{"self":[{"href":"https:\/\/www.mecaer.com\/fr\/wp-json\/wp\/v2\/pages\/1299","targetHints":{"allow":["GET"]}}],"collection":[{"href":"https:\/\/www.mecaer.com\/fr\/wp-json\/wp\/v2\/pages"}],"about":[{"href":"https:\/\/www.mecaer.com\/fr\/wp-json\/wp\/v2\/types\/page"}],"author":[{"embeddable":true,"href":"https:\/\/www.mecaer.com\/fr\/wp-json\/wp\/v2\/users\/1"}],"replies":[{"embeddable":true,"href":"https:\/\/www.mecaer.com\/fr\/wp-json\/wp\/v2\/comments?post=1299"}],"version-history":[{"count":1,"href":"https:\/\/www.mecaer.com\/fr\/wp-json\/wp\/v2\/pages\/1299\/revisions"}],"predecessor-version":[{"id":5517,"href":"https:\/\/www.mecaer.com\/fr\/wp-json\/wp\/v2\/pages\/1299\/revisions\/5517"}],"up":[{"embeddable":true,"href":"https:\/\/www.mecaer.com\/fr\/wp-json\/wp\/v2\/pages\/597"}],"wp:attachment":[{"href":"https:\/\/www.mecaer.com\/fr\/wp-json\/wp\/v2\/media?parent=1299"}],"curies":[{"name":"wp","href":"https:\/\/api.w.org\/{rel}","templated":true}]}}