{"id":1332,"date":"2019-10-15T11:17:26","date_gmt":"2019-10-15T09:17:26","guid":{"rendered":"https:\/\/www.mecaer.com\/?page_id=1332"},"modified":"2023-09-12T12:28:07","modified_gmt":"2023-09-12T10:28:07","slug":"actuationflight-control-systems","status":"publish","type":"page","link":"https:\/\/www.mecaer.com\/fr\/business-units\/actuationflight-control-systems\/","title":{"rendered":"Actuation&#038;Flight Control Systems"},"content":{"rendered":"<section class=\"vc_section\"><div data-stellar-offset-parent=\"true\"  class=\"vc_row wpb_row vc_row-fluid mb-10rem content-padding vc_row-o-content-middle vc_row-flex\"><div  class=\"wpb_column vc_column_container vc_col-sm-6 vc_col-lg-offset-1 vc_col-lg-4\"><div class=\"vc_column-inner\" style=\"\" ><div class=\"wpb_wrapper\">\n\t<div class=\"wpb_text_column wpb_content_element\" >\n\t\t<div class=\"wpb_wrapper\">\n\t\t\t<h2 class=\"special-title\">Syst\u00e8mes de contr\u00f4le du vol: Servo-actionneurs<\/h2>\n<p>\u00c9lectrom\u00e9canique<br \/>\n\u00c9lectrohydraulique<br \/>\nHydraulique<br \/>\nTrims<\/p>\n\n\t\t<\/div>\n\t<\/div>\n<div class=\"vc_empty_space  d-none d-md-block\"   style=\"height: 6rem\"><span class=\"vc_empty_space_inner\"><\/span><\/div><\/div><\/div><\/div><div  class=\"wpb_column vc_column_container vc_col-sm-6 vc_col-lg-offset-1 vc_col-lg-5\"><div class=\"vc_column-inner\" style=\"\" ><div class=\"wpb_wrapper\"><div class=\"wpb_images_carousel wpb_content_element vc_clearfix xtd-shadow--large-light\"><div class=\"wpb_wrapper\"><div id=\"vc_images-carousel-1-1776820710\" data-ride=\"vc_carousel\" data-wrap=\"true\" style=\"width: 100%;\" data-interval=\"5000\" data-auto-height=\"yes\" data-mode=\"horizontal\" data-partial=\"false\" data-per-view=\"1\" data-hide-on-end=\"false\" class=\"vc_slide vc_images_carousel\"><ol class=\"vc_carousel-indicators\"><li data-target=\"#vc_images-carousel-1-1776820710\" data-slide-to=\"0\"><\/li><li data-target=\"#vc_images-carousel-1-1776820710\" data-slide-to=\"1\"><\/li><li data-target=\"#vc_images-carousel-1-1776820710\" data-slide-to=\"2\"><\/li><li data-target=\"#vc_images-carousel-1-1776820710\" data-slide-to=\"3\"><\/li><li data-target=\"#vc_images-carousel-1-1776820710\" data-slide-to=\"4\"><\/li><li data-target=\"#vc_images-carousel-1-1776820710\" data-slide-to=\"5\"><\/li><\/ol><div class=\"vc_carousel-inner\"><div class=\"vc_carousel-slideline\"><div class=\"vc_carousel-slideline-inner\"><div class=\"vc_item\"><div class=\"vc_inner\"><img loading=\"lazy\" decoding=\"async\" width=\"1081\" height=\"1081\" src=\"https:\/\/www.mecaer.com\/wp-content\/uploads\/2019\/10\/act_2_1.jpg\" class=\"attachment-full\" alt=\"\" \/><\/div><\/div><div class=\"vc_item\"><div class=\"vc_inner\"><img loading=\"lazy\" decoding=\"async\" width=\"2736\" height=\"2736\" src=\"https:\/\/www.mecaer.com\/wp-content\/uploads\/2019\/11\/servo_02-1.jpg\" class=\"attachment-full\" alt=\"\" \/><\/div><\/div><div class=\"vc_item\"><div class=\"vc_inner\"><img loading=\"lazy\" decoding=\"async\" width=\"2736\" height=\"2736\" src=\"https:\/\/www.mecaer.com\/wp-content\/uploads\/2019\/11\/servo_03-1.jpg\" class=\"attachment-full\" alt=\"\" \/><\/div><\/div><div class=\"vc_item\"><div class=\"vc_inner\"><img loading=\"lazy\" decoding=\"async\" width=\"2736\" height=\"2736\" src=\"https:\/\/www.mecaer.com\/wp-content\/uploads\/2019\/11\/servo_04-1.jpg\" class=\"attachment-full\" alt=\"\" \/><\/div><\/div><div class=\"vc_item\"><div class=\"vc_inner\"><img loading=\"lazy\" decoding=\"async\" width=\"2736\" height=\"2736\" src=\"https:\/\/www.mecaer.com\/wp-content\/uploads\/2019\/11\/servo_05-1.jpg\" class=\"attachment-full\" alt=\"\" \/><\/div><\/div><div class=\"vc_item\"><div class=\"vc_inner\"><img loading=\"lazy\" decoding=\"async\" width=\"2736\" height=\"2736\" src=\"https:\/\/www.mecaer.com\/wp-content\/uploads\/2019\/11\/servo_06-1.jpg\" class=\"attachment-full\" alt=\"\" \/><\/div><\/div><\/div><\/div><\/div><a class=\"vc_left vc_carousel-control\" href=\"#vc_images-carousel-1-1776820710\" data-slide=\"prev\"><span class=\"icon-prev\"><\/span><\/a><a class=\"vc_right vc_carousel-control\" href=\"#vc_images-carousel-1-1776820710\" data-slide=\"next\"><span class=\"icon-next\"><\/span><\/a><\/div><\/div><\/div><\/div><\/div><\/div><\/div><div data-stellar-offset-parent=\"true\"  class=\"vc_row wpb_row vc_row-fluid vc_row_inverse content-padding-xxl vc_custom_1571845157885 vc_row-has-fill vc_row-o-content-middle vc_row-flex\"><div  class=\"wpb_column vc_column_container vc_col-sm-6 vc_col-lg-offset-1 vc_col-lg-5\"><div class=\"vc_column-inner\" style=\"\" ><div class=\"wpb_wrapper\"><div class=\"wpb_images_carousel wpb_content_element vc_clearfix xtd-shadow--large-light\"><div class=\"wpb_wrapper\"><div id=\"vc_images-carousel-2-1776820710\" data-ride=\"vc_carousel\" data-wrap=\"true\" style=\"width: 100%;\" data-interval=\"3000\" data-auto-height=\"yes\" data-mode=\"horizontal\" data-partial=\"false\" data-per-view=\"1\" data-hide-on-end=\"false\" class=\"vc_slide vc_images_carousel\"><ol class=\"vc_carousel-indicators\"><li data-target=\"#vc_images-carousel-2-1776820710\" data-slide-to=\"0\"><\/li><li data-target=\"#vc_images-carousel-2-1776820710\" data-slide-to=\"1\"><\/li><li data-target=\"#vc_images-carousel-2-1776820710\" data-slide-to=\"2\"><\/li><li data-target=\"#vc_images-carousel-2-1776820710\" data-slide-to=\"3\"><\/li><li data-target=\"#vc_images-carousel-2-1776820710\" data-slide-to=\"4\"><\/li><li data-target=\"#vc_images-carousel-2-1776820710\" data-slide-to=\"5\"><\/li><\/ol><div class=\"vc_carousel-inner\"><div class=\"vc_carousel-slideline\"><div class=\"vc_carousel-slideline-inner\"><div class=\"vc_item\"><div class=\"vc_inner\"><img loading=\"lazy\" decoding=\"async\" width=\"1081\" height=\"1081\" src=\"https:\/\/www.mecaer.com\/wp-content\/uploads\/2019\/10\/act_1_5.jpg\" class=\"attachment-full\" alt=\"\" \/><\/div><\/div><div class=\"vc_item\"><div class=\"vc_inner\"><img loading=\"lazy\" decoding=\"async\" width=\"1081\" height=\"1081\" src=\"https:\/\/www.mecaer.com\/wp-content\/uploads\/2019\/10\/act_1_1.jpg\" class=\"attachment-full\" alt=\"\" \/><\/div><\/div><div class=\"vc_item\"><div class=\"vc_inner\"><img loading=\"lazy\" decoding=\"async\" width=\"2736\" height=\"2736\" src=\"https:\/\/www.mecaer.com\/wp-content\/uploads\/2019\/11\/mec_04.jpg\" class=\"attachment-full\" alt=\"\" \/><\/div><\/div><div class=\"vc_item\"><div class=\"vc_inner\"><img loading=\"lazy\" decoding=\"async\" width=\"1081\" height=\"1081\" src=\"https:\/\/www.mecaer.com\/wp-content\/uploads\/2019\/10\/act_1_4.jpg\" class=\"attachment-full\" alt=\"\" \/><\/div><\/div><div class=\"vc_item\"><div class=\"vc_inner\"><img loading=\"lazy\" decoding=\"async\" width=\"1081\" height=\"1081\" src=\"https:\/\/www.mecaer.com\/wp-content\/uploads\/2019\/11\/nuova_actua.jpg\" class=\"attachment-full\" alt=\"\" \/><\/div><\/div><div class=\"vc_item\"><div class=\"vc_inner\"><img loading=\"lazy\" decoding=\"async\" width=\"2736\" height=\"2736\" src=\"https:\/\/www.mecaer.com\/wp-content\/uploads\/2019\/11\/mec_07.jpg\" class=\"attachment-full\" alt=\"\" \/><\/div><\/div><\/div><\/div><\/div><a class=\"vc_left vc_carousel-control\" href=\"#vc_images-carousel-2-1776820710\" data-slide=\"prev\"><span class=\"icon-prev\"><\/span><\/a><a class=\"vc_right vc_carousel-control\" href=\"#vc_images-carousel-2-1776820710\" data-slide=\"next\"><span class=\"icon-next\"><\/span><\/a><\/div><\/div><\/div><\/div><\/div><\/div><div  class=\"wpb_column vc_column_container vc_col-sm-6 vc_col-lg-offset-1 vc_col-lg-4\"><div class=\"vc_column-inner\" style=\"\" ><div class=\"wpb_wrapper\">\n\t<div class=\"wpb_text_column wpb_content_element\" >\n\t\t<div class=\"wpb_wrapper\">\n\t\t\t<h2 class=\"special-title\">Syst\u00e8mes de contr\u00f4le du vol: Contr\u00f4les m\u00e9caniques<\/h2>\n<p>Barres de commande, tiges profil\u00e9es, p\u00e9daliers et supports<br \/>\nC\u00e2bles flexibles<br \/>\nBarres de r\u00e9glage du pas<br \/>\nTubes de torsion<\/p>\n\n\t\t<\/div>\n\t<\/div>\n<\/div><\/div><\/div><\/div><div data-stellar-offset-parent=\"true\"  class=\"vc_row wpb_row vc_row-fluid content-padding-xs vc_custom_1521648505973 vc_row-o-content-middle vc_row-flex\"><div  class=\"wpb_column vc_column_container vc_col-sm-6 vc_col-lg-offset-1 vc_col-lg-4\"><div class=\"vc_column-inner\" style=\"\" ><div class=\"wpb_wrapper\"><div class=\"vc_empty_space\"   style=\"height: 6rem\"><span class=\"vc_empty_space_inner\"><\/span><\/div>\n\t<div class=\"wpb_text_column wpb_content_element\" >\n\t\t<div class=\"wpb_wrapper\">\n\t\t\t<p><b>Amortisseurs et distribution de la puissance hydraulique<br \/>\n<\/b>Accumulateurs, r\u00e9servoirs et unit\u00e9s de contr\u00f4le de la puissance<br \/>\nVannes de contr\u00f4le<\/p>\n<p><b style=\"font-size: 1rem;\">Actionneurs<br \/>\n<\/b>Syst\u00e8mes de direction<br \/>\nR\u00e9traction des trains d'atterrissage<br \/>\nSyst\u00e8mes de verrouillage<\/p>\n\n\t\t<\/div>\n\t<\/div>\n<\/div><\/div><\/div><div  class=\"wpb_column vc_column_container vc_col-sm-6 vc_col-lg-offset-1 vc_col-lg-5\"><div class=\"vc_column-inner\" style=\"\" ><div class=\"wpb_wrapper\"><div class=\"wpb_images_carousel wpb_content_element vc_clearfix xtd-shadow--large-light\"><div class=\"wpb_wrapper\"><div id=\"vc_images-carousel-3-1776820710\" data-ride=\"vc_carousel\" data-wrap=\"true\" style=\"width: 100%;\" data-interval=\"5000\" data-auto-height=\"yes\" data-mode=\"horizontal\" data-partial=\"false\" data-per-view=\"1\" data-hide-on-end=\"false\" class=\"vc_slide vc_images_carousel\"><ol class=\"vc_carousel-indicators\"><li data-target=\"#vc_images-carousel-3-1776820710\" data-slide-to=\"0\"><\/li><li data-target=\"#vc_images-carousel-3-1776820710\" data-slide-to=\"1\"><\/li><li data-target=\"#vc_images-carousel-3-1776820710\" data-slide-to=\"2\"><\/li><li data-target=\"#vc_images-carousel-3-1776820710\" data-slide-to=\"3\"><\/li><li data-target=\"#vc_images-carousel-3-1776820710\" data-slide-to=\"4\"><\/li><li data-target=\"#vc_images-carousel-3-1776820710\" data-slide-to=\"5\"><\/li><\/ol><div class=\"vc_carousel-inner\"><div class=\"vc_carousel-slideline\"><div class=\"vc_carousel-slideline-inner\"><div class=\"vc_item\"><div class=\"vc_inner\"><img loading=\"lazy\" decoding=\"async\" width=\"2736\" height=\"2736\" src=\"https:\/\/www.mecaer.com\/wp-content\/uploads\/2019\/11\/act_02.jpg\" class=\"attachment-full\" alt=\"\" \/><\/div><\/div><div class=\"vc_item\"><div class=\"vc_inner\"><img loading=\"lazy\" decoding=\"async\" width=\"2736\" height=\"2736\" src=\"https:\/\/www.mecaer.com\/wp-content\/uploads\/2019\/11\/act_03.jpg\" class=\"attachment-full\" alt=\"\" \/><\/div><\/div><div class=\"vc_item\"><div class=\"vc_inner\"><img loading=\"lazy\" decoding=\"async\" width=\"2736\" height=\"2736\" src=\"https:\/\/www.mecaer.com\/wp-content\/uploads\/2019\/11\/act_04.jpg\" class=\"attachment-full\" alt=\"\" \/><\/div><\/div><div class=\"vc_item\"><div class=\"vc_inner\"><img loading=\"lazy\" decoding=\"async\" width=\"2736\" height=\"2736\" src=\"https:\/\/www.mecaer.com\/wp-content\/uploads\/2019\/11\/act_05.jpg\" class=\"attachment-full\" alt=\"\" \/><\/div><\/div><div class=\"vc_item\"><div class=\"vc_inner\"><img loading=\"lazy\" decoding=\"async\" width=\"2736\" height=\"2736\" src=\"https:\/\/www.mecaer.com\/wp-content\/uploads\/2019\/11\/act_08.jpg\" class=\"attachment-full\" alt=\"\" \/><\/div><\/div><div class=\"vc_item\"><div class=\"vc_inner\"><img loading=\"lazy\" decoding=\"async\" width=\"2736\" height=\"2736\" src=\"https:\/\/www.mecaer.com\/wp-content\/uploads\/2019\/11\/act_11.jpg\" class=\"attachment-full\" alt=\"\" \/><\/div><\/div><\/div><\/div><\/div><a class=\"vc_left vc_carousel-control\" href=\"#vc_images-carousel-3-1776820710\" data-slide=\"prev\"><span class=\"icon-prev\"><\/span><\/a><a class=\"vc_right vc_carousel-control\" href=\"#vc_images-carousel-3-1776820710\" data-slide=\"next\"><span class=\"icon-next\"><\/span><\/a><\/div><\/div><\/div><\/div><\/div><\/div><\/div><div data-stellar-offset-parent=\"true\"  class=\"vc_row wpb_row vc_row-fluid vc_row_inverse content-padding-xxl vc_custom_1573560067690 vc_row-has-fill vc_row-o-content-middle vc_row-flex\"><div  class=\"wpb_column vc_column_container vc_col-sm-6 vc_col-lg-offset-1 vc_col-lg-5\"><div class=\"vc_column-inner\" style=\"\" ><div class=\"wpb_wrapper\"><div class=\"wpb_images_carousel wpb_content_element vc_clearfix xtd-shadow--large-light\"><div class=\"wpb_wrapper\"><div id=\"vc_images-carousel-4-1776820710\" data-ride=\"vc_carousel\" data-wrap=\"true\" style=\"width: 100%;\" data-interval=\"3000\" data-auto-height=\"yes\" data-mode=\"horizontal\" data-partial=\"false\" data-per-view=\"1\" data-hide-on-end=\"false\" class=\"vc_slide vc_images_carousel\"><ol class=\"vc_carousel-indicators\"><li data-target=\"#vc_images-carousel-4-1776820710\" data-slide-to=\"0\"><\/li><li data-target=\"#vc_images-carousel-4-1776820710\" data-slide-to=\"1\"><\/li><li data-target=\"#vc_images-carousel-4-1776820710\" data-slide-to=\"2\"><\/li><li data-target=\"#vc_images-carousel-4-1776820710\" data-slide-to=\"3\"><\/li><\/ol><div class=\"vc_carousel-inner\"><div class=\"vc_carousel-slideline\"><div class=\"vc_carousel-slideline-inner\"><div class=\"vc_item\"><div class=\"vc_inner\"><img loading=\"lazy\" decoding=\"async\" width=\"1081\" height=\"1081\" src=\"https:\/\/www.mecaer.com\/wp-content\/uploads\/2019\/11\/test_1.jpg\" class=\"attachment-full\" alt=\"\" \/><\/div><\/div><div class=\"vc_item\"><div class=\"vc_inner\"><img loading=\"lazy\" decoding=\"async\" width=\"1081\" height=\"1081\" src=\"https:\/\/www.mecaer.com\/wp-content\/uploads\/2019\/11\/test_2.jpg\" class=\"attachment-full\" alt=\"\" \/><\/div><\/div><div class=\"vc_item\"><div class=\"vc_inner\"><img loading=\"lazy\" decoding=\"async\" width=\"1081\" height=\"1081\" src=\"https:\/\/www.mecaer.com\/wp-content\/uploads\/2019\/11\/test_3.jpg\" class=\"attachment-full\" alt=\"\" \/><\/div><\/div><div class=\"vc_item\"><div class=\"vc_inner\"><img loading=\"lazy\" decoding=\"async\" width=\"1081\" height=\"1081\" src=\"https:\/\/www.mecaer.com\/wp-content\/uploads\/2019\/11\/test_4.jpg\" class=\"attachment-full\" alt=\"\" \/><\/div><\/div><\/div><\/div><\/div><a class=\"vc_left vc_carousel-control\" href=\"#vc_images-carousel-4-1776820710\" data-slide=\"prev\"><span class=\"icon-prev\"><\/span><\/a><a class=\"vc_right vc_carousel-control\" href=\"#vc_images-carousel-4-1776820710\" data-slide=\"next\"><span class=\"icon-next\"><\/span><\/a><\/div><\/div><\/div><\/div><\/div><\/div><div  class=\"wpb_column vc_column_container vc_col-sm-6 vc_col-lg-offset-1 vc_col-lg-4\"><div class=\"vc_column-inner\" style=\"\" ><div class=\"wpb_wrapper\">\n\t<div class=\"wpb_text_column wpb_content_element\" >\n\t\t<div class=\"wpb_wrapper\">\n\t\t\t<h2 class=\"special-title\">Laboratoire d\u2019essai<\/h2>\n<p>Bancs d'essai du syst\u00e8me int\u00e9gr\u00e9, tests combin\u00e9s de r\u00e9sistance et de temp\u00e9rature (-40\u00b0C \u00e0 +70\u00b0C)<br \/>\nBanc d'essai dynamique pour servomoteurs hydrauliques<br \/>\nBancs d'essai de r\u00e9sistance et de fatigue<br \/>\nSyst\u00e8me de simulation de l'interface pilotes<\/p>\n\n\t\t<\/div>\n\t<\/div>\n<\/div><\/div><\/div><\/div><\/section>","protected":false},"excerpt":{"rendered":"Flight Control Systems: Servoactuators Electro-mechanical Electro-hydraulic Hydraulic Trims Flight Control Systems: Mechanical Controls Sticks, Swaged Rods, Bellcranks Pedal Assemblies and Supports Flexible cables Pitch Links Torsion Tubes Dampers &amp; Hydraulic Power Distribution Accumulators, Resevoirs and Power Control Units Control Valves Actuators Steering Landing Gears Retraction Uplocks Test Lab Integrated system test rigs, combined endurance and temperature testing (-40\u00b0C to +70\u00b0C) [...]","protected":false},"author":1,"featured_media":0,"parent":597,"menu_order":0,"comment_status":"closed","ping_status":"closed","template":"","meta":{"inline_featured_image":false,"_monsterinsights_skip_tracking":false,"_monsterinsights_sitenote_active":false,"_monsterinsights_sitenote_note":"","_monsterinsights_sitenote_category":0,"footnotes":""},"class_list":["post-1332","page","type-page","status-publish","hentry"],"_links":{"self":[{"href":"https:\/\/www.mecaer.com\/fr\/wp-json\/wp\/v2\/pages\/1332","targetHints":{"allow":["GET"]}}],"collection":[{"href":"https:\/\/www.mecaer.com\/fr\/wp-json\/wp\/v2\/pages"}],"about":[{"href":"https:\/\/www.mecaer.com\/fr\/wp-json\/wp\/v2\/types\/page"}],"author":[{"embeddable":true,"href":"https:\/\/www.mecaer.com\/fr\/wp-json\/wp\/v2\/users\/1"}],"replies":[{"embeddable":true,"href":"https:\/\/www.mecaer.com\/fr\/wp-json\/wp\/v2\/comments?post=1332"}],"version-history":[{"count":1,"href":"https:\/\/www.mecaer.com\/fr\/wp-json\/wp\/v2\/pages\/1332\/revisions"}],"predecessor-version":[{"id":5518,"href":"https:\/\/www.mecaer.com\/fr\/wp-json\/wp\/v2\/pages\/1332\/revisions\/5518"}],"up":[{"embeddable":true,"href":"https:\/\/www.mecaer.com\/fr\/wp-json\/wp\/v2\/pages\/597"}],"wp:attachment":[{"href":"https:\/\/www.mecaer.com\/fr\/wp-json\/wp\/v2\/media?parent=1332"}],"curies":[{"name":"wp","href":"https:\/\/api.w.org\/{rel}","templated":true}]}}