{"id":5287,"date":"2022-01-14T16:12:02","date_gmt":"2022-01-14T15:12:02","guid":{"rendered":"https:\/\/www.mecaer.com\/?page_id=5287"},"modified":"2022-01-14T16:20:16","modified_gmt":"2022-01-14T15:20:16","slug":"leonardo-training","status":"publish","type":"page","link":"https:\/\/www.mecaer.com\/fr\/leonardo-training\/","title":{"rendered":"Leonardo - Enregistrement des \u00e9tudiants en formation"},"content":{"rendered":"<figure class=\"wp-block-table is-style-stripes\"><table><tbody><tr><td><strong>Code de r\u00e9servation<\/strong><\/td><td><strong>Jours<\/strong><\/td><td><strong>Description<\/strong><\/td><\/tr><tr><td>AW139-0122FAM<\/td><td>2<\/td><td>Training AW139 VIP Interiors &#8211; Familiarization<\/td><\/tr><tr><td>AW139-0122MEC<\/td><td>5<\/td><td>Training AW139 VIP Interiors &#8211; Mechanical elements<\/td><\/tr><tr><td>AW139-0122ELE<\/td><td>5<\/td><td>Training AW139 VIP Interiors &#8211; Electrical elements<\/td><\/tr><\/tbody><\/table><\/figure>\n\n\n\n<hr class=\"wp-block-separator\"\/>\n\n\n\n<h3 class=\"wp-block-heading\">Assurez-vous de remplir tous les champs obligatoires et de fournir toutes les informations suppl\u00e9mentaires disponibles<\/h3>\n\n\n\n<div class=\"wp-block-contact-form-7-contact-form-selector\"><div role=\"form\" class=\"wpcf7\" id=\"wpcf7-f5219-o1\" lang=\"en-US\" dir=\"ltr\">\n<div class=\"screen-reader-response\"><p role=\"status\" aria-live=\"polite\" aria-atomic=\"true\"><\/p> <ul><\/ul><\/div>\n<form action=\"\/wp-json\/wp\/v2\/pages\/5287\" method=\"post\" class=\"wpcf7-form init\" novalidate=\"novalidate\" data-status=\"init\" data-trp-original-action=\"\/fr\/wp-json\/wp\/v2\/pages\/5287#wpcf7-f5219-o1\">\n<div style=\"display: none;\">\n<input type=\"hidden\" name=\"_wpcf7\" value=\"5219\" \/>\n<input type=\"hidden\" name=\"_wpcf7_version\" value=\"5.6.4\" \/>\n<input type=\"hidden\" name=\"_wpcf7_locale\" value=\"en_US\" \/>\n<input type=\"hidden\" name=\"_wpcf7_unit_tag\" value=\"wpcf7-f5219-o1\" \/>\n<input type=\"hidden\" name=\"_wpcf7_container_post\" value=\"0\" \/>\n<input type=\"hidden\" name=\"_wpcf7_posted_data_hash\" value=\"\" \/>\n<input type=\"hidden\" name=\"_wpcf7cf_hidden_group_fields\" value=\"[]\" \/>\n<input type=\"hidden\" name=\"_wpcf7cf_hidden_groups\" value=\"[]\" \/>\n<input type=\"hidden\" name=\"_wpcf7cf_visible_groups\" value=\"[]\" \/>\n<input type=\"hidden\" name=\"_wpcf7cf_repeaters\" value=\"[]\" \/>\n<input type=\"hidden\" name=\"_wpcf7cf_steps\" value=\"{}\" \/>\n<input type=\"hidden\" name=\"_wpcf7cf_options\" value=\"{&quot;form_id&quot;:5219,&quot;conditions&quot;:[],&quot;settings&quot;:{&quot;animation&quot;:&quot;yes&quot;,&quot;animation_intime&quot;:200,&quot;animation_outtime&quot;:200,&quot;conditions_ui&quot;:&quot;normal&quot;,&quot;notice_dismissed&quot;:false,&quot;notice_dismissed_update-cf7-5.7.2&quot;:true,&quot;notice_dismissed_update-cf7-5.7.4&quot;:true,&quot;notice_dismissed_update-cf7-5.8.1&quot;:true,&quot;notice_dismissed_update-cf7-6.0.1&quot;:true,&quot;notice_dismissed_update-cf7-6.1.4&quot;:true}}\" \/>\n<\/div>\n<p><label><b>Nom de naissance<\/b>*<br \/>\n    <span class=\"wpcf7-form-control-wrap\" data-name=\"Firstname\"><input type=\"text\" name=\"Firstname\" value=\"\" size=\"40\" class=\"wpcf7-form-control wpcf7-text wpcf7-validates-as-required\" aria-required=\"true\" aria-invalid=\"false\" \/><\/span><\/label><br \/>\n<label><b>Nom de famille<\/b>*<br \/>\n    <span class=\"wpcf7-form-control-wrap\" data-name=\"Lastname\"><input type=\"text\" name=\"Lastname\" value=\"\" size=\"40\" class=\"wpcf7-form-control wpcf7-text wpcf7-validates-as-required\" aria-required=\"true\" aria-invalid=\"false\" \/><\/span> <\/label><br \/>\n<label><b>Adresse e-mail<\/b>*<br \/>\n    <span class=\"wpcf7-form-control-wrap\" data-name=\"email-address\"><input type=\"email\" name=\"email-address\" value=\"\" size=\"40\" class=\"wpcf7-form-control wpcf7-text wpcf7-email wpcf7-validates-as-required wpcf7-validates-as-email\" aria-required=\"true\" aria-invalid=\"false\" \/><\/span> <\/label><br \/>\n<label><b>Code de r\u00e9servation<\/b>*<br \/>\n    <span class=\"wpcf7-form-control-wrap\" data-name=\"bookingcode\"><input type=\"text\" name=\"bookingcode\" value=\"\" size=\"40\" class=\"wpcf7-form-control wpcf7-text wpcf7-validates-as-required\" aria-required=\"true\" aria-invalid=\"false\" \/><\/span> <\/label><\/p>\n<p><label><b>Conform\u00e9ment \u00e0 la l\u00e9gislation sur la protection de la vie priv\u00e9e applicable<\/b>*<\/label><br \/>\nApr\u00e8s avoir lu et pris connaissance de la politique de Protection des Donn\u00e9es, conform\u00e9ment \u00e0 la r\u00e9glementation applicable en mati\u00e8re de confidentialit\u00e9, j'accepte le traitement de mes donn\u00e9es personnelles n\u00e9cessaire pour fournir \u00e0 la personne concern\u00e9e les services et l'assistance fournis par la soci\u00e9t\u00e9 Service Clients et Services de Formation et pour ex\u00e9cuter tout contrat ou accord conclu par et entre la soci\u00e9t\u00e9 et la personne concern\u00e9e.<br \/>\n<span class=\"wpcf7-form-control-wrap\" data-name=\"accept-this-1\"><span class=\"wpcf7-form-control wpcf7-acceptance\"><span class=\"wpcf7-list-item\"><label><input type=\"checkbox\" name=\"accept-this-1\" value=\"1\" aria-invalid=\"false\" \/><span class=\"wpcf7-list-item-label\">V\u00e9rifiez ici si vous acceptez ces conditions.<\/span><\/label><\/span><\/span><\/span><br \/>\n<\/lable><br \/>\n<div id=\"cf7sr-69e73ac123e60\" class=\"cf7sr-g-recaptcha\" data-theme=\"light\" data-type=\"image\" data-size=\"normal\" data-sitekey=\"6LenHVcnAAAAABLGrNjJYa_g6pK7oBMJfB6ED3_D\"><\/div><span class=\"wpcf7-form-control-wrap cf7sr-recaptcha\" data-name=\"cf7sr-recaptcha\"><input type=\"hidden\" name=\"cf7sr-recaptcha\" value=\"\" class=\"wpcf7-form-control\"><\/span><br \/>\n<input type=\"submit\" value=\"Envoyer\" class=\"wpcf7-form-control has-spinner wpcf7-submit\" \/><\/p>\n<div class=\"wpcf7-response-output\" aria-hidden=\"true\"><\/div><input type=\"hidden\" name=\"trp-form-language\" value=\"fr\"\/><\/form><\/div><\/div>","protected":false},"excerpt":{"rendered":"<p>Booking Code Days Description AW139-0122FAM 2 Training AW139 VIP Interiors &#8211; Familiarization AW139-0122MEC 5 Training AW139 VIP Interiors &#8211; Mechanical elements AW139-0122ELE 5 Training AW139 VIP Interiors &#8211; Electrical elements Please ensure to complete all mandatory fields and provide all additional information available<\/p>","protected":false},"author":1,"featured_media":0,"parent":0,"menu_order":0,"comment_status":"closed","ping_status":"closed","template":"","meta":{"inline_featured_image":false,"_monsterinsights_skip_tracking":false,"_monsterinsights_sitenote_active":false,"_monsterinsights_sitenote_note":"","_monsterinsights_sitenote_category":0,"footnotes":""},"class_list":["post-5287","page","type-page","status-publish","hentry"],"_links":{"self":[{"href":"https:\/\/www.mecaer.com\/fr\/wp-json\/wp\/v2\/pages\/5287","targetHints":{"allow":["GET"]}}],"collection":[{"href":"https:\/\/www.mecaer.com\/fr\/wp-json\/wp\/v2\/pages"}],"about":[{"href":"https:\/\/www.mecaer.com\/fr\/wp-json\/wp\/v2\/types\/page"}],"author":[{"embeddable":true,"href":"https:\/\/www.mecaer.com\/fr\/wp-json\/wp\/v2\/users\/1"}],"replies":[{"embeddable":true,"href":"https:\/\/www.mecaer.com\/fr\/wp-json\/wp\/v2\/comments?post=5287"}],"version-history":[{"count":4,"href":"https:\/\/www.mecaer.com\/fr\/wp-json\/wp\/v2\/pages\/5287\/revisions"}],"predecessor-version":[{"id":5300,"href":"https:\/\/www.mecaer.com\/fr\/wp-json\/wp\/v2\/pages\/5287\/revisions\/5300"}],"wp:attachment":[{"href":"https:\/\/www.mecaer.com\/fr\/wp-json\/wp\/v2\/media?parent=5287"}],"curies":[{"name":"wp","href":"https:\/\/api.w.org\/{rel}","templated":true}]}}