{"id":5345,"date":"2022-12-01T17:08:56","date_gmt":"2022-12-01T16:08:56","guid":{"rendered":"https:\/\/www.mecaer.com\/?page_id=5345"},"modified":"2025-03-05T14:19:00","modified_gmt":"2025-03-05T13:19:00","slug":"mro-2-draft","status":"publish","type":"page","link":"https:\/\/www.mecaer.com\/fr\/business-units\/mro-2-draft\/","title":{"rendered":"MRO"},"content":{"rendered":"<div data-stellar-offset-parent=\"true\"  class=\"vc_row wpb_row vc_row-fluid content-padding\"><div  class=\"wpb_column vc_column_container vc_col-sm-12\"><div class=\"vc_column-inner\" style=\"\" ><div class=\"wpb_wrapper\">\n\t<div class=\"wpb_text_column wpb_content_element\" >\n\t\t<div class=\"wpb_wrapper\">\n\t\t\t<p>Avec plus de 45 postes de maintenance et 65 techniciens certifi\u00e9s, MAG est devenu un fournisseur leader de services de maintenance.<\/p>\n<p>L'activit\u00e9 de maintenance fait partie des services d'assistance \u00e0 la client\u00e8le offerts par MAG \u00e0 ses clients, services qui comprennent \u00e9galement l'\u00e9mission de SB et le support pour les publications techniques relatives \u00e0 ses STC et la vente de pi\u00e8ces de rechange. Toutes les demandes de support pour MRO peuvent \u00eatre adress\u00e9es \u00e0 MAG via la section CSS, en remplissant le formulaire en ligne appropri\u00e9. La demande sera imm\u00e9diatement prise en charge par l'\u00e9quipe MAG et trait\u00e9e pour une r\u00e9ponse rapide.<\/p>\n<p>MAG compte parmi ses clients: l'aviation g\u00e9n\u00e9rale, l'aviation d'affaires, les forces de l'ordre, le gouvernement et l'arm\u00e9e am\u00e9ricaine et italienne.<br \/>\nWith three main maintenance bases in Monteprandone (Ascoli Piceno) &#8211; Centre-South area of Italy, Reggio Emilia &#8211; North area of Italy and Bensalem (Philadelphia) \u2013 US, MAG provides complete MRO support, base and line, to the customers, being EMAR145, EASA and FAA Part 145 certified, with optimized turnaround times and competitive costs.<\/p>\n\n\t\t<\/div>\n\t<\/div>\n<div class=\"vc_row wpb_row vc_inner vc_row-fluid\"><div class=\"wpb_column vc_column_container vc_col-sm-12\"><div class=\"vc_column-inner\"><div class=\"wpb_wrapper\">\n\t<div class=\"wpb_single_image wpb_content_element vc_align_left\" style=\" \" >\n\t\t\n\t\t<figure class=\"wpb_wrapper vc_figure\">\n\t\t\t<div class=\"vc_single_image-wrapper   vc_box_border_grey\"><img loading=\"lazy\" decoding=\"async\" width=\"2542\" height=\"1182\" src=\"https:\/\/www.mecaer.com\/wp-content\/uploads\/2022\/12\/Home.png\" class=\"vc_single_image-img attachment-full\" alt=\"\" srcset=\"https:\/\/www.mecaer.com\/wp-content\/uploads\/2022\/12\/Home.png 2542w, https:\/\/www.mecaer.com\/wp-content\/uploads\/2022\/12\/Home-300x139.png 300w, https:\/\/www.mecaer.com\/wp-content\/uploads\/2022\/12\/Home-1024x476.png 1024w, https:\/\/www.mecaer.com\/wp-content\/uploads\/2022\/12\/Home-768x357.png 768w, https:\/\/www.mecaer.com\/wp-content\/uploads\/2022\/12\/Home-1536x714.png 1536w, https:\/\/www.mecaer.com\/wp-content\/uploads\/2022\/12\/Home-2048x952.png 2048w\" sizes=\"auto, (max-width: 2542px) 100vw, 2542px\" \/><\/div>\n\t\t<\/figure>\n\t<\/div>\n<\/div><\/div><\/div><\/div><\/div><\/div><\/div><\/div><section data-vc-full-width=\"true\" data-vc-full-width-init=\"false\" class=\"vc_section vc_custom_1669980975739 vc_section-o-content-middle vc_section-flex\"><div data-stellar-offset-parent=\"true\"  class=\"vc_row wpb_row vc_row-fluid content-padding vc_custom_1669981083082 vc_row-has-fill\"><div  class=\"wpb_column vc_column_container vc_col-sm-6\"><div class=\"vc_column-inner\" style=\"\" ><div class=\"wpb_wrapper\">\n\t<div class=\"wpb_text_column wpb_content_element\" >\n\t\t<div class=\"wpb_wrapper\">\n\t\t\t<h4>Monteprandone (Italie)<\/h4>\n\n\t\t<\/div>\n\t<\/div>\n\n\t<div class=\"wpb_text_column wpb_content_element\" >\n\t\t<div class=\"wpb_wrapper\">\n\t\t\t<p>L'usine de Monteprandone est un centre \u00e0 service complet ayant des capacit\u00e9s nationales et internationales. Situ\u00e9e \u00e0 l'h\u00e9lisurface et \u00e0 l'a\u00e9roport priv\u00e9 de Tronto, dans les Marches, elle s'occupe de fournir des services de maintenance pour les flottes gouvernementales et priv\u00e9es et est devenue au fil des ans le leader reconnu du march\u00e9 dans la fourniture de services de maintenance, de r\u00e9paration, de mises \u00e0 niveau avioniques, d'int\u00e9gration de syst\u00e8mes de mission, de modifications, de r\u00e9novations, de peintures, d'essais en vol, d'expertises techniques d'h\u00e9licopt\u00e8res d'occasion et de soutien logistique.<\/p>\n\n\t\t<\/div>\n\t<\/div>\n\n\t<div class=\"wpb_single_image wpb_content_element vc_align_left  wpb_animate_when_almost_visible wpb_fadeInRight fadeInRight\" style=\" \" >\n\t\t\n\t\t<figure class=\"wpb_wrapper vc_figure\">\n\t\t\t<div class=\"vc_single_image-wrapper   vc_box_border_grey\"><img loading=\"lazy\" decoding=\"async\" width=\"2560\" height=\"1920\" src=\"https:\/\/www.mecaer.com\/wp-content\/uploads\/2022\/12\/MTP_MRO_01-scaled.jpg\" class=\"vc_single_image-img attachment-full\" alt=\"\" srcset=\"https:\/\/www.mecaer.com\/wp-content\/uploads\/2022\/12\/MTP_MRO_01-scaled.jpg 2560w, https:\/\/www.mecaer.com\/wp-content\/uploads\/2022\/12\/MTP_MRO_01-300x225.jpg 300w, https:\/\/www.mecaer.com\/wp-content\/uploads\/2022\/12\/MTP_MRO_01-1024x768.jpg 1024w, https:\/\/www.mecaer.com\/wp-content\/uploads\/2022\/12\/MTP_MRO_01-768x576.jpg 768w, https:\/\/www.mecaer.com\/wp-content\/uploads\/2022\/12\/MTP_MRO_01-1536x1152.jpg 1536w, https:\/\/www.mecaer.com\/wp-content\/uploads\/2022\/12\/MTP_MRO_01-2048x1536.jpg 2048w\" sizes=\"auto, (max-width: 2560px) 100vw, 2560px\" \/><\/div>\n\t\t<\/figure>\n\t<\/div>\n<\/div><\/div><\/div><div  class=\"wpb_column vc_column_container vc_col-sm-6\"><div class=\"vc_column-inner\" style=\"\" ><div class=\"wpb_wrapper\">\n\t<div class=\"wpb_single_image wpb_content_element vc_align_left  wpb_animate_when_almost_visible wpb_fadeInLeft fadeInLeft  xtd-margin-negative--top-3\" style=\" width: 100%;\" >\n\t\t\n\t\t<figure class=\"wpb_wrapper vc_figure\">\n\t\t\t<div class=\"vc_single_image-wrapper xtd-shadow--large-light  vc_box_border_grey\"><img loading=\"lazy\" decoding=\"async\" width=\"300\" height=\"163\" src=\"https:\/\/www.mecaer.com\/wp-content\/uploads\/2024\/03\/MRO2024-300x163.png\" class=\"vc_single_image-img attachment-medium\" alt=\"\" srcset=\"https:\/\/www.mecaer.com\/wp-content\/uploads\/2024\/03\/MRO2024-300x163.png 300w, https:\/\/www.mecaer.com\/wp-content\/uploads\/2024\/03\/MRO2024-1024x556.png 1024w, https:\/\/www.mecaer.com\/wp-content\/uploads\/2024\/03\/MRO2024-768x417.png 768w, https:\/\/www.mecaer.com\/wp-content\/uploads\/2024\/03\/MRO2024-1536x834.png 1536w, https:\/\/www.mecaer.com\/wp-content\/uploads\/2024\/03\/MRO2024-18x10.png 18w, https:\/\/www.mecaer.com\/wp-content\/uploads\/2024\/03\/MRO2024.png 1736w\" sizes=\"auto, (max-width: 300px) 100vw, 300px\" \/><\/div>\n\t\t<\/figure>\n\t<\/div>\n\n\t<div class=\"wpb_text_column wpb_content_element\" >\n\t\t<div class=\"wpb_wrapper\">\n\t\t\t<p>La piste, g\u00e9r\u00e9e par le MAG, est actuellement longue de 1 500 m\u00e8tres, dont 800 asphalt\u00e9s permettant un atterrissage facile des h\u00e9licopt\u00e8res et des petits avions. Toute la zone est cl\u00f4tur\u00e9e et surveill\u00e9e 7j\/7 -24h\/24 par du personnel MAG.<\/p>\n<p>La zone de Monteprandone d\u00e9di\u00e9e aux services de maintenance est d'environ 5 000 m\u00e8tres carr\u00e9s avec trois cabines de peinture capables d'effectuer des services de changement de livr\u00e9e sur des h\u00e9licopt\u00e8res moyens jusqu'\u00e0 10 tonnes.<\/p>\n\n\t\t<\/div>\n\t<\/div>\n<\/div><\/div><\/div><\/div><\/section><div class=\"vc_row-full-width vc_clearfix\"><\/div><section class=\"vc_section vc_custom_1572510609708\"><div data-stellar-offset-parent=\"true\"  class=\"vc_row wpb_row vc_row-fluid content-padding\"><div  class=\"wpb_column vc_column_container vc_col-sm-8\"><div class=\"vc_column-inner\" style=\"\" ><div class=\"wpb_wrapper\">\n\t<div class=\"wpb_text_column wpb_content_element\" >\n\t\t<div class=\"wpb_wrapper\">\n\t\t\t<h4>Reggio Emilia (Italie)<\/h4>\n\n\t\t<\/div>\n\t<\/div>\n\n\t<div class=\"wpb_text_column wpb_content_element\" >\n\t\t<div class=\"wpb_wrapper\">\n\t\t\t<p>Avec l'acquisition d'Euroavia en novembre 2022, MAG a consolid\u00e9 et renforce sa position de leader italien sur le march\u00e9 de la maintenance des h\u00e9licopt\u00e8res, en \u00e9tendant sa pr\u00e9sence \u00e0 l'ensemble du territoire national.<\/p>\n\n\t\t<\/div>\n\t<\/div>\n\n\t<div class=\"wpb_single_image wpb_content_element vc_align_left  wpb_animate_when_almost_visible wpb_bounceInRight bounceInRight\" style=\" \" >\n\t\t\n\t\t<figure class=\"wpb_wrapper vc_figure\">\n\t\t\t<div class=\"vc_single_image-wrapper   vc_box_border_grey\"><img loading=\"lazy\" decoding=\"async\" width=\"1024\" height=\"495\" src=\"https:\/\/www.mecaer.com\/wp-content\/uploads\/2023\/01\/Euroavia-4260.jpg\" class=\"vc_single_image-img attachment-full\" alt=\"\" srcset=\"https:\/\/www.mecaer.com\/wp-content\/uploads\/2023\/01\/Euroavia-4260.jpg 1024w, https:\/\/www.mecaer.com\/wp-content\/uploads\/2023\/01\/Euroavia-4260-300x145.jpg 300w, https:\/\/www.mecaer.com\/wp-content\/uploads\/2023\/01\/Euroavia-4260-768x371.jpg 768w\" sizes=\"auto, (max-width: 1024px) 100vw, 1024px\" \/><\/div>\n\t\t<\/figure>\n\t<\/div>\n<\/div><\/div><\/div><div  class=\"wpb_column vc_column_container vc_col-sm-4\"><div class=\"vc_column-inner\" style=\"\" ><div class=\"wpb_wrapper\">\n\t<div class=\"wpb_single_image wpb_content_element vc_align_left  wpb_animate_when_almost_visible wpb_bounceInRight bounceInRight\" style=\" \" >\n\t\t\n\t\t<figure class=\"wpb_wrapper vc_figure\">\n\t\t\t<div class=\"vc_single_image-wrapper   vc_box_border_grey\"><img loading=\"lazy\" decoding=\"async\" width=\"1008\" height=\"884\" src=\"https:\/\/www.mecaer.com\/wp-content\/uploads\/2022\/12\/EA.png\" class=\"vc_single_image-img attachment-full\" alt=\"\" srcset=\"https:\/\/www.mecaer.com\/wp-content\/uploads\/2022\/12\/EA.png 1008w, https:\/\/www.mecaer.com\/wp-content\/uploads\/2022\/12\/EA-300x263.png 300w, https:\/\/www.mecaer.com\/wp-content\/uploads\/2022\/12\/EA-768x674.png 768w\" sizes=\"auto, (max-width: 1008px) 100vw, 1008px\" \/><\/div>\n\t\t<\/figure>\n\t<\/div>\n\n\t<div class=\"wpb_text_column wpb_content_element\" >\n\t\t<div class=\"wpb_wrapper\">\n\t\t\t<p>Avec deux hangars pour un total de 1 500 m\u00e8tres carr\u00e9s situ\u00e9s \u00e0 l'a\u00e9roport de Reggio Emilia. Au cours de l'ann\u00e9e 2023, La construction d'un troisi\u00e8me hangar est pr\u00e9vue avec une augmentation de la capacit\u00e9 de maintenance d'Euroavia de plus de 50%.<\/p>\n\n\t\t<\/div>\n\t<\/div>\n<\/div><\/div><\/div><\/div><\/section><div data-stellar-offset-parent=\"true\"  class=\"vc_row wpb_row vc_row-fluid content-padding-none vc_custom_1669981134283 vc_row-has-fill vc_row-o-content-middle vc_row-flex\"><div  class=\"wpb_column vc_column_container vc_col-sm-7 vc_col-sm-offset-1\"><div class=\"vc_column-inner\" style=\"\" ><div class=\"wpb_wrapper\"><div class=\"wpb_images_carousel wpb_content_element vc_clearfix\"><div class=\"wpb_wrapper\"><div id=\"vc_images-carousel-1-1776170454\" data-ride=\"vc_carousel\" data-wrap=\"false\" style=\"width: 100%;\" data-interval=\"0\" data-auto-height=\"yes\" data-mode=\"horizontal\" data-partial=\"false\" data-per-view=\"1\" data-hide-on-end=\"true\" class=\"vc_slide vc_images_carousel\"><ol class=\"vc_carousel-indicators\"><li data-target=\"#vc_images-carousel-1-1776170454\" data-slide-to=\"0\"><\/li><li data-target=\"#vc_images-carousel-1-1776170454\" data-slide-to=\"1\"><\/li><\/ol><div class=\"vc_carousel-inner\"><div class=\"vc_carousel-slideline\"><div class=\"vc_carousel-slideline-inner\"><div class=\"vc_item\"><div class=\"vc_inner\"><a class=\"prettyphoto\" href=\"https:\/\/www.mecaer.com\/wp-content\/uploads\/2022\/12\/Bensalem-2-1024x768.jpg\" data-rel=\"prettyPhoto[rel-5345-2813111974]\"><img loading=\"lazy\" decoding=\"async\" width=\"2047\" height=\"1536\" src=\"https:\/\/www.mecaer.com\/wp-content\/uploads\/2022\/12\/Bensalem-2.jpg\" class=\"attachment-full\" alt=\"\" srcset=\"https:\/\/www.mecaer.com\/wp-content\/uploads\/2022\/12\/Bensalem-2.jpg 2047w, https:\/\/www.mecaer.com\/wp-content\/uploads\/2022\/12\/Bensalem-2-300x225.jpg 300w, https:\/\/www.mecaer.com\/wp-content\/uploads\/2022\/12\/Bensalem-2-1024x768.jpg 1024w, https:\/\/www.mecaer.com\/wp-content\/uploads\/2022\/12\/Bensalem-2-768x576.jpg 768w, https:\/\/www.mecaer.com\/wp-content\/uploads\/2022\/12\/Bensalem-2-1536x1153.jpg 1536w\" sizes=\"auto, (max-width: 2047px) 100vw, 2047px\" \/><\/a><\/div><\/div><div class=\"vc_item\"><div class=\"vc_inner\"><a class=\"prettyphoto\" href=\"https:\/\/www.mecaer.com\/wp-content\/uploads\/2022\/12\/16-1024x770.jpg\" data-rel=\"prettyPhoto[rel-5345-2813111974]\"><img loading=\"lazy\" decoding=\"async\" width=\"1475\" height=\"1109\" src=\"https:\/\/www.mecaer.com\/wp-content\/uploads\/2022\/12\/16.jpg\" class=\"attachment-full\" alt=\"\" srcset=\"https:\/\/www.mecaer.com\/wp-content\/uploads\/2022\/12\/16.jpg 1475w, https:\/\/www.mecaer.com\/wp-content\/uploads\/2022\/12\/16-300x226.jpg 300w, https:\/\/www.mecaer.com\/wp-content\/uploads\/2022\/12\/16-1024x770.jpg 1024w, https:\/\/www.mecaer.com\/wp-content\/uploads\/2022\/12\/16-768x577.jpg 768w\" sizes=\"auto, (max-width: 1475px) 100vw, 1475px\" \/><\/a><\/div><\/div><\/div><\/div><\/div><a class=\"vc_left vc_carousel-control\" href=\"#vc_images-carousel-1-1776170454\" data-slide=\"prev\"><span class=\"icon-prev\"><\/span><\/a><a class=\"vc_right vc_carousel-control\" href=\"#vc_images-carousel-1-1776170454\" data-slide=\"next\"><span class=\"icon-next\"><\/span><\/a><\/div><\/div><\/div><\/div><\/div><\/div><div  class=\"wpb_column vc_column_container vc_col-sm-4\"><div class=\"vc_column-inner\" style=\"\" ><div class=\"wpb_wrapper\">\n\t<div class=\"wpb_text_column wpb_content_element\" >\n\t\t<div class=\"wpb_wrapper\">\n\t\t\t<h4>Bensalem (USA)<\/h4>\n\n\t\t<\/div>\n\t<\/div>\n\n\t<div class=\"wpb_text_column wpb_content_element\" >\n\t\t<div class=\"wpb_wrapper\">\n\t\t\t<p><span class=\"TextRun SCXW226534118 BCX0\" lang=\"IT-IT\" xml:lang=\"IT-IT\" data-contrast=\"auto\"><span class=\"NormalTextRun SCXW226534118 BCX0\">The new <\/span><span class=\"FindHit SpellingErrorV2Themed SCXW226534118 BCX0\">Ben<\/span><span class=\"FindHit SpellingErrorV2Themed SCXW226534118 BCX0\">sal<\/span><span class=\"FindHit SpellingErrorV2Themed SCXW226534118 BCX0\">em<\/span><span class=\"NormalTextRun SCXW226534118 BCX0\"> site <\/span><span class=\"NormalTextRun SpellingErrorV2Themed SCXW226534118 BCX0\">is<\/span> <span class=\"NormalTextRun SpellingErrorV2Themed SCXW226534118 BCX0\">beautifully<\/span> <span class=\"NormalTextRun SpellingErrorV2Themed SCXW226534118 BCX0\">situated<\/span><span class=\"NormalTextRun SCXW226534118 BCX0\"> on the Delaware River with <\/span><span class=\"NormalTextRun SpellingErrorV2Themed SCXW226534118 BCX0\">its<\/span> <span class=\"NormalTextRun SpellingErrorV2Themed SCXW226534118 BCX0\">lush<\/span><span class=\"NormalTextRun SCXW226534118 BCX0\"> green <\/span><span class=\"NormalTextRun SpellingErrorV2Themed SCXW226534118 BCX0\">riverbanks<\/span> <span class=\"NormalTextRun SpellingErrorV2Themed SCXW226534118 BCX0\">at<\/span> <span class=\"NormalTextRun SpellingErrorV2Themed SCXW226534118 BCX0\">eyesight<\/span><span class=\"NormalTextRun SCXW226534118 BCX0\"> and <\/span><span class=\"NormalTextRun SpellingErrorV2Themed SCXW226534118 BCX0\">central<\/span><span class=\"NormalTextRun SCXW226534118 BCX0\"> location, <\/span><span class=\"NormalTextRun SpellingErrorV2Themed SCXW226534118 BCX0\">it<\/span> <span class=\"NormalTextRun SpellingErrorV2Themed SCXW226534118 BCX0\">is<\/span> <span class=\"NormalTextRun SpellingErrorV2Themed SCXW226534118 BCX0\">only<\/span> <span class=\"NormalTextRun SpellingErrorV2Themed SCXW226534118 BCX0\">few<\/span><span class=\"NormalTextRun SCXW226534118 BCX0\"> minutes <\/span><span class=\"NormalTextRun SpellingErrorV2Themed SCXW226534118 BCX0\">away<\/span><span class=\"NormalTextRun SCXW226534118 BCX0\"> from major <\/span><span class=\"NormalTextRun SpellingErrorV2Themed SCXW226534118 BCX0\">highways<\/span><span class=\"NormalTextRun SCXW226534118 BCX0\"> and <\/span><span class=\"NormalTextRun SpellingErrorV2Themed SCXW226534118 BCX0\">about<\/span><span class=\"NormalTextRun SCXW226534118 BCX0\"> 20 minutes <\/span><span class=\"NormalTextRun SpellingErrorV2Themed SCXW226534118 BCX0\">away<\/span><span class=\"NormalTextRun SCXW226534118 BCX0\"> from center city Philadelphia. <\/span><span class=\"NormalTextRun SpellingErrorV2Themed SCXW226534118 BCX0\">It<\/span> <span class=\"NormalTextRun SpellingErrorV2Themed SCXW226534118 BCX0\">is<\/span> <span class=\"NormalTextRun SpellingErrorV2Themed SCXW226534118 BCX0\">composed<\/span><span class=\"NormalTextRun SCXW226534118 BCX0\"> of a hangar area with an <\/span><span class=\"NormalTextRun SpellingErrorV2Themed SCXW226534118 BCX0\">inner<\/span> <span class=\"NormalTextRun SpellingErrorV2Themed SCXW226534118 BCX0\">two<\/span> <span class=\"NormalTextRun SpellingErrorV2Themed SCXW226534118 BCX0\">floor<\/span> <span class=\"NormalTextRun SpellingErrorV2Themed SCXW226534118 BCX0\">unit<\/span> <span class=\"NormalTextRun SpellingErrorV2Themed SCXW226534118 BCX0\">structure<\/span> <span class=\"NormalTextRun SpellingErrorV2Themed SCXW226534118 BCX0\">that<\/span> <span class=\"NormalTextRun SpellingErrorV2Themed SCXW226534118 BCX0\">will<\/span> <span class=\"NormalTextRun SpellingErrorV2Themed SCXW226534118 BCX0\">hold<\/span> <span class=\"NormalTextRun SpellingErrorV2Themed SCXW226534118 BCX0\">several<\/span><span class=\"NormalTextRun SCXW226534118 BCX0\"> workshops and <\/span><span class=\"NormalTextRun SpellingErrorV2Themed SCXW226534118 BCX0\">personnel<\/span><span class=\"NormalTextRun SCXW226534118 BCX0\"> offices. A bonus to the site <\/span><span class=\"NormalTextRun SpellingErrorV2Themed SCXW226534118 BCX0\">is<\/span> <span class=\"NormalTextRun SpellingErrorV2Themed SCXW226534118 BCX0\">that<\/span><span class=\"NormalTextRun SCXW226534118 BCX0\"> MAG <\/span><span class=\"NormalTextRun SpellingErrorV2Themed SCXW226534118 BCX0\">will<\/span> <span class=\"NormalTextRun SpellingErrorV2Themed SCXW226534118 BCX0\">have<\/span> <span class=\"NormalTextRun SpellingErrorV2Themed SCXW226534118 BCX0\">its<\/span> <span class=\"NormalTextRun SpellingErrorV2Themed SCXW226534118 BCX0\">very<\/span> <span class=\"NormalTextRun SpellingErrorV2Themed SCXW226534118 BCX0\">own<\/span> <span class=\"NormalTextRun SpellingErrorV2Themed SCXW226534118 BCX0\">helipad<\/span><span class=\"NormalTextRun SCXW226534118 BCX0\">, <\/span><span class=\"NormalTextRun SpellingErrorV2Themed SCXW226534118 BCX0\">which<\/span> <span class=\"NormalTextRun SpellingErrorV2Themed SCXW226534118 BCX0\">is<\/span> <span class=\"NormalTextRun SpellingErrorV2Themed SCXW226534118 BCX0\">easily<\/span> <span class=\"NormalTextRun SpellingErrorV2Themed SCXW226534118 BCX0\">accessible<\/span><span class=\"NormalTextRun SCXW226534118 BCX0\"> to the customers for <\/span><span class=\"NormalTextRun SpellingErrorV2Themed SCXW226534118 BCX0\">their<\/span> <span class=\"NormalTextRun SpellingErrorV2Themed SCXW226534118 BCX0\">repairs<\/span><\/span><span class=\"EOP SCXW226534118 BCX0\" data-ccp-props=\"{}\">\u00a0<\/span><\/p>\n\n\t\t<\/div>\n\t<\/div>\n\n\t<div class=\"wpb_single_image wpb_content_element vc_align_left\" style=\" \" >\n\t\t\n\t\t<figure class=\"wpb_wrapper vc_figure\">\n\t\t\t<div class=\"vc_single_image-wrapper   vc_box_border_grey\"><img loading=\"lazy\" decoding=\"async\" width=\"644\" height=\"272\" src=\"https:\/\/www.mecaer.com\/wp-content\/uploads\/2022\/12\/14.png\" class=\"vc_single_image-img attachment-full\" alt=\"\" srcset=\"https:\/\/www.mecaer.com\/wp-content\/uploads\/2022\/12\/14.png 644w, https:\/\/www.mecaer.com\/wp-content\/uploads\/2022\/12\/14-300x127.png 300w\" sizes=\"auto, (max-width: 644px) 100vw, 644px\" \/><\/div>\n\t\t<\/figure>\n\t<\/div>\n<\/div><\/div><\/div><\/div><div data-stellar-offset-parent=\"true\"  class=\"vc_row wpb_row vc_row-fluid content-padding\"><div  class=\"wpb_column vc_column_container vc_col-sm-6\"><div class=\"vc_column-inner\" style=\"\" ><div class=\"wpb_wrapper\">\n\t<div class=\"wpb_text_column wpb_content_element\" >\n\t\t<div class=\"wpb_wrapper\">\n\t\t\t<p>Les deux bases italiennes peuvent fournir des activit\u00e9s de MRO sur:<\/p>\n<p><strong>H\u00e9licopt\u00e8re MD:<\/strong> NH500<br \/>\n<strong>Leonardo S.p.A.:<\/strong>\u00a0Leonardo S.p.A. : AW109, Famille AW119, AB139 \/ AW139, AW169*<br \/>\n<strong>Agusta\/Bell: <\/strong>B\/AB206, B\/AB212, B\/AB412<strong><br \/>\n<\/strong><\/p>\n<p><em>*en phase de certification<\/em><\/p>\n\n\t\t<\/div>\n\t<\/div>\n<\/div><\/div><\/div><div  class=\"wpb_column vc_column_container vc_col-sm-6\"><div class=\"vc_column-inner\" style=\"\" ><div class=\"wpb_wrapper\">\n\t<div class=\"wpb_text_column wpb_content_element\" >\n\t\t<div class=\"wpb_wrapper\">\n\t\t\t<p>La base de Bensalem peut fournir des activit\u00e9s de MRO sur:<\/p>\n<p><strong>Leonardo S.p.A.:<\/strong> Leonardo S.p.A. : Famille AW109\/AW119, AB139 \/ AW139<br \/>\n<strong>H\u00e9licopt\u00e8re Bell Textron Canada: <\/strong>429, 505<br \/>\n<strong>H\u00e9licopt\u00e8res AIRBUS<\/strong> AS350B2 \/ AS350B3<br \/>\n<strong>Sikorsky:<\/strong> S-76 A, B, C, D<\/p>\n\n\t\t<\/div>\n\t<\/div>\n<\/div><\/div><\/div><\/div>","protected":false},"excerpt":{"rendered":"With over 45 maintenance bays and 65 certified technicians MAG has become a leading provider of maintenance services. The maintenance activity is part of the Customer Support services offered by MAG to its customers, services which also include the issuance of SBs and support for technical publications relating to their STCs and sale of spares parts. All support requests for [...]","protected":false},"author":1,"featured_media":0,"parent":597,"menu_order":0,"comment_status":"closed","ping_status":"closed","template":"","meta":{"inline_featured_image":false,"_monsterinsights_skip_tracking":false,"_monsterinsights_sitenote_active":false,"_monsterinsights_sitenote_note":"","_monsterinsights_sitenote_category":0,"footnotes":""},"class_list":["post-5345","page","type-page","status-publish","hentry"],"_links":{"self":[{"href":"https:\/\/www.mecaer.com\/fr\/wp-json\/wp\/v2\/pages\/5345","targetHints":{"allow":["GET"]}}],"collection":[{"href":"https:\/\/www.mecaer.com\/fr\/wp-json\/wp\/v2\/pages"}],"about":[{"href":"https:\/\/www.mecaer.com\/fr\/wp-json\/wp\/v2\/types\/page"}],"author":[{"embeddable":true,"href":"https:\/\/www.mecaer.com\/fr\/wp-json\/wp\/v2\/users\/1"}],"replies":[{"embeddable":true,"href":"https:\/\/www.mecaer.com\/fr\/wp-json\/wp\/v2\/comments?post=5345"}],"version-history":[{"count":76,"href":"https:\/\/www.mecaer.com\/fr\/wp-json\/wp\/v2\/pages\/5345\/revisions"}],"predecessor-version":[{"id":5562,"href":"https:\/\/www.mecaer.com\/fr\/wp-json\/wp\/v2\/pages\/5345\/revisions\/5562"}],"up":[{"embeddable":true,"href":"https:\/\/www.mecaer.com\/fr\/wp-json\/wp\/v2\/pages\/597"}],"wp:attachment":[{"href":"https:\/\/www.mecaer.com\/fr\/wp-json\/wp\/v2\/media?parent=5345"}],"curies":[{"name":"wp","href":"https:\/\/api.w.org\/{rel}","templated":true}]}}