{"id":5538,"date":"2024-02-26T13:46:37","date_gmt":"2024-02-26T12:46:37","guid":{"rendered":"https:\/\/www.mecaer.com\/?page_id=5538"},"modified":"2024-02-26T13:46:38","modified_gmt":"2024-02-26T12:46:38","slug":"management-of-reports-whistleblowing","status":"publish","type":"page","link":"https:\/\/www.mecaer.com\/fr\/management-of-reports-whistleblowing\/","title":{"rendered":"Traitement des rapports - d\u00e9nonciation"},"content":{"rendered":"<p>Mecaer Aviation Group (MAG) SpA adopte un processus de r\u00e9ception, d'analyse et de traitement des rapports (y compris anonymes) concernant la Soci\u00e9t\u00e9 envoy\u00e9s par des Tiers ou des Personnes du Groupe.<\/p>\n\n\n\n<p>Le processus est conforme aux changements r\u00e9glementaires introduits par le d\u00e9cret l\u00e9gislatif n\u00b0 24 du 10 mars 2023 portant transposition de la directive (UE) 2019\/1937 du Parlement europ\u00e9en et du Conseil du 23 octobre 2019 relative \u00e0 la protection des personnes qui signalent des violations du droit de l'Union et fixant des dispositions relatives \u00e0 la protection des personnes qui signalent des violations du droit national (dit \"d\u00e9cret sur les d\u00e9nonciations\").<\/p>\n\n\n\n<p>Le processus de gestion des d\u00e9nonciations fait partie int\u00e9grante du mod\u00e8le d'organisation, de gestion et de contr\u00f4le de MAG SpA conform\u00e9ment au d\u00e9cret l\u00e9gislatif n\u00b0 231\/2001.<\/p>\n\n\n\n<p>MAG SpA met en \u0153uvre une plate-forme informatique d\u00e9di\u00e9e \u00e0 l'envoi et \u00e0 la gestion des rapports, qui constitue le canal privil\u00e9gi\u00e9 pour l'envoi des rapports. &nbsp;<\/p>\n\n\n\n<p>Si vous souhaitez faire un rapport \u00e0 MAG SpA, acc\u00e9dez \u00e0 la plateforme: <\/p>\n\n\n\n<p><a href=\"https:\/\/areariservata.mygovernance.it\/#!\/WB\/Mecaer-Aviation-Group\">https:\/\/areariservata.mygovernance.it\/#!\/WB\/Mecaer-Aviation-Group<\/a><\/p>","protected":false},"excerpt":{"rendered":"<p>Mecaer Aviation Group (MAG) S.p.A. adopts a process for receiving, analyzing and processing reports (including anonymous ones) regarding the Company sent by Third Parties or Group Persons. The process complies with the regulatory changes introduced by Legislative Decree No. 24 of March 10, 2023, implementing Directive (EU) 2019\/1937 of the European Parliament and of the Council of October 23, 2019, [&hellip;]<\/p>","protected":false},"author":1,"featured_media":0,"parent":0,"menu_order":0,"comment_status":"closed","ping_status":"closed","template":"","meta":{"inline_featured_image":false,"_monsterinsights_skip_tracking":false,"_monsterinsights_sitenote_active":false,"_monsterinsights_sitenote_note":"","_monsterinsights_sitenote_category":0,"footnotes":""},"class_list":["post-5538","page","type-page","status-publish","hentry"],"_links":{"self":[{"href":"https:\/\/www.mecaer.com\/fr\/wp-json\/wp\/v2\/pages\/5538","targetHints":{"allow":["GET"]}}],"collection":[{"href":"https:\/\/www.mecaer.com\/fr\/wp-json\/wp\/v2\/pages"}],"about":[{"href":"https:\/\/www.mecaer.com\/fr\/wp-json\/wp\/v2\/types\/page"}],"author":[{"embeddable":true,"href":"https:\/\/www.mecaer.com\/fr\/wp-json\/wp\/v2\/users\/1"}],"replies":[{"embeddable":true,"href":"https:\/\/www.mecaer.com\/fr\/wp-json\/wp\/v2\/comments?post=5538"}],"version-history":[{"count":1,"href":"https:\/\/www.mecaer.com\/fr\/wp-json\/wp\/v2\/pages\/5538\/revisions"}],"predecessor-version":[{"id":5539,"href":"https:\/\/www.mecaer.com\/fr\/wp-json\/wp\/v2\/pages\/5538\/revisions\/5539"}],"wp:attachment":[{"href":"https:\/\/www.mecaer.com\/fr\/wp-json\/wp\/v2\/media?parent=5538"}],"curies":[{"name":"wp","href":"https:\/\/api.w.org\/{rel}","templated":true}]}}