{"id":597,"date":"2019-10-06T11:22:54","date_gmt":"2019-10-06T09:22:54","guid":{"rendered":"https:\/\/www.mecaer.com\/?page_id=597"},"modified":"2019-11-07T17:29:22","modified_gmt":"2019-11-07T16:29:22","slug":"business-units","status":"publish","type":"page","link":"https:\/\/www.mecaer.com\/fr\/business-units\/","title":{"rendered":"Business Units"},"content":{"rendered":"<section class=\"vc_section vc_custom_1573036995296\"><div data-stellar-offset-parent=\"true\"  class=\"vc_row wpb_row vc_row-fluid content-padding-lg vc_custom_1572522739811 vc_row-has-fill vc_row-o-content-bottom vc_row-flex\"><div  class=\"wpb_column vc_column_container vc_col-sm-3 vc_col-lg-offset-1\"><div class=\"vc_column-inner\" style=\"\" ><div class=\"wpb_wrapper\"><\/div><\/div><\/div><div  class=\"wpb_column vc_column_container vc_col-sm-7\"><div class=\"vc_column-inner vc_custom_1572522670905\" style=\"\" ><div class=\"wpb_wrapper\">\n\t<div class=\"wpb_text_column wpb_content_element  vc_custom_1572522631685\" >\n\t\t<div class=\"wpb_wrapper\">\n\t\t\t<h2 class=\"special-title\">Nos principaux objectifs<\/h2>\n<p><em><strong>Flexibilit\u00e9<\/strong> dans le d\u00e9veloppement de produits int\u00e9gr\u00e9s.<\/em><br \/>\n<em><strong>Satisfaction du client:<\/strong><span style=\"font-size: 1rem;\"> MAG vise \u00e0 exprimer une flexibilit\u00e9 extr\u00eame dans les phases critiques de la relation avec les Clients.<br \/>\n<\/span><strong>Propositions<\/strong><span style=\"font-size: 1rem;\"><strong>:<\/strong> Ponctualit\u00e9 et co-design.<br \/>\n<\/span><strong>Produit<\/strong><span style=\"font-size: 1rem;\"><strong>:<\/strong> Conception de solutions adaptables ou polyvalentes.<\/span><\/em><\/p>\n\n\t\t<\/div>\n\t<\/div>\n<\/div><\/div><\/div><\/div><\/section><section class=\"vc_section\"><div data-stellar-offset-parent=\"true\"  class=\"vc_row wpb_row vc_row-fluid content-padding vc_custom_1570378877508\"><div  class=\"content-padding-none wpb_column vc_column_container vc_col-sm-6 vc_col-has-fill\"><div class=\"vc_column-inner vc_custom_1571999956809\" style=\"\" ><div class=\"wpb_wrapper\">\n\t<div class=\"wpb_single_image wpb_content_element vc_align_left  vc_custom_1573037152552\" style=\" \" >\n\t\t\n\t\t<figure class=\"wpb_wrapper vc_figure\">\n\t\t\t<div class=\"vc_single_image-wrapper   vc_box_border_grey\"><img loading=\"lazy\" decoding=\"async\" width=\"1081\" height=\"1081\" src=\"https:\/\/www.mecaer.com\/wp-content\/uploads\/2019\/10\/img_bu_1.jpg\" class=\"vc_single_image-img attachment-full\" alt=\"\" \/><\/div>\n\t\t<\/figure>\n\t<\/div>\n<\/div><\/div><\/div><div  class=\"wpb_column vc_column_container vc_col-sm-6 vc_col-lg-offset-1 vc_col-lg-4\"><div class=\"vc_column-inner\" style=\"\" ><div class=\"wpb_wrapper\"><div class=\"vc_empty_space  d-none d-lg-block\"   style=\"height: 9rem\"><span class=\"vc_empty_space_inner\"><\/span><\/div>\n\t<div class=\"wpb_text_column wpb_content_element  vc_custom_1573037262458\" >\n\t\t<div class=\"wpb_wrapper\">\n\t\t\t<h2 class=\"special-title\">Just in Time Kit Approach<\/h2>\n<p>MAG contributes to reduce OEMs\u2019 time to assembly and stocks. The hundreds of components of each shipset are delivered in kits designed to feed the OEM assembly line needs.\u00a0<span style=\"font-size: 1rem;\">The processi is supported by state of the art management information systems.<\/span><\/p>\n\n\t\t<\/div>\n\t<\/div>\n<\/div><\/div><\/div><\/div><\/section><section data-vc-full-width=\"true\" data-vc-full-width-init=\"false\" class=\"vc_section vc_custom_1573037004611\"><div data-vc-full-width=\"true\" data-vc-full-width-init=\"false\" data-stellar-offset-parent=\"true\"  class=\"vc_row wpb_row vc_row-fluid content-padding vc_custom_1571999746483 vc_row-has-fill vc_row-o-equal-height vc_row-o-content-middle vc_row-flex\"><div  class=\"bg-pos-center-center bg-no-repeat content-padding-none wpb_column vc_column_container vc_col-sm-6 vc_col-has-fill\"><div class=\"vc_column-inner vc_custom_1572274016542\" style=\"\" ><div class=\"wpb_wrapper\"><div class=\"vc_empty_space\"   style=\"height: 300px\"><span class=\"vc_empty_space_inner\"><\/span><\/div><\/div><\/div><\/div><div  class=\"wpb_column vc_column_container vc_col-sm-4 vc_col-lg-offset-1 vc_col-md-offset-1\"><div class=\"vc_column-inner\" style=\"\" ><div class=\"wpb_wrapper\"><div class=\"vc_empty_space\"   style=\"height: 2rem\"><span class=\"vc_empty_space_inner\"><\/span><\/div>\n\t<div class=\"wpb_text_column wpb_content_element\" >\n\t\t<div class=\"wpb_wrapper\">\n\t\t\t<h2 class=\"special-title\">SBU1<\/h2>\n<p>The SBU 1, &#8220;Integrated Aircraft Systems&#8221;, offers primary (safety critical) technological systems, designed for a specific aircraft. The highly experienced design office and test lab have a consolidated background of expertise in mechanical, hydraulic, electromechanical and electronic technologies on transversal projects, as well as proprietary technologies.<span class=\"Apple-converted-space\">\u00a0<\/span>Lean manufacturing approach is the core of our production strategy, to provide quality and cost-effective products.<span class=\"Apple-converted-space\"><br \/>\n<\/span><span style=\"font-size: 1rem;\">Customers receive support for the entire life of each product.<\/span><\/p>\n<p><strong><a href=\"https:\/\/www.mecaer.com\/fr\/?page_id=1332\">Syst\u00e8mes d\u2019actionnement et de contr\u00f4le de vol<\/a><\/strong><br \/>\n<a href=\"https:\/\/www.mecaer.com\/fr\/?page_id=1299\"><strong>Syst\u00e8mes d'Atterrissage<\/strong><\/a><\/p>\n\n\t\t<\/div>\n\t<\/div>\n<div class=\"vc_empty_space\"   style=\"height: 2rem\"><span class=\"vc_empty_space_inner\"><\/span><\/div><\/div><\/div><\/div><\/div><div class=\"vc_row-full-width vc_clearfix\"><\/div><\/section><div class=\"vc_row-full-width vc_clearfix\"><\/div><section data-vc-full-width=\"true\" data-vc-full-width-init=\"false\" class=\"vc_section vc_custom_1573037011002\"><div data-vc-full-width=\"true\" data-vc-full-width-init=\"false\" data-stellar-offset-parent=\"true\"  class=\"vc_row wpb_row vc_row-fluid content-padding vc_custom_1571999746483 vc_row-has-fill vc_row-o-equal-height vc_row-o-content-middle vc_row-flex\"><div  class=\"bg-pos-center-center bg-no-repeat content-padding-none wpb_column vc_column_container vc_col-sm-6 vc_col-lg-offset-1 vc_col-lg-4\"><div class=\"vc_column-inner\" style=\"\" ><div class=\"wpb_wrapper\"><div class=\"vc_empty_space\"   style=\"height: 2rem\"><span class=\"vc_empty_space_inner\"><\/span><\/div>\n\t<div class=\"wpb_text_column wpb_content_element\" >\n\t\t<div class=\"wpb_wrapper\">\n\t\t\t<h2 class=\"special-title\">SBU2<\/h2>\n<p>The SBU 2, &#8220;Aircaft Services&#8221;, offers proprietary technological systems for noise reduction and cabin interior management, targeting passengers comfort and the most demanding requirements. A complete range of completion, refurbishment and MRO services, to provide end-customers or operators with a customized aircraft that meets the requirements of their specific mission.<\/p>\n<p><strong><a href=\"http:\/\/www.dadefinire.it\">Am\u00e9nagements des int\u00e9rieurs de la cabine<\/a><\/strong><br \/>\n<strong><a href=\"https:\/\/www.mecaer.com\/fr\/?page_id=1204\">MRO d'avions et personnalisation de la mission<\/a><\/strong><\/p>\n\n\t\t<\/div>\n\t<\/div>\n<div class=\"vc_empty_space\"   style=\"height: 2rem\"><span class=\"vc_empty_space_inner\"><\/span><\/div><\/div><\/div><\/div><div  class=\"wpb_column vc_column_container vc_col-sm-6 vc_col-lg-offset-1 vc_col-has-fill\"><div class=\"vc_column-inner vc_custom_1573144145414\" style=\"\" ><div class=\"wpb_wrapper\"><div class=\"vc_empty_space\"   style=\"height: 300px\"><span class=\"vc_empty_space_inner\"><\/span><\/div><\/div><\/div><\/div><\/div><div class=\"vc_row-full-width vc_clearfix\"><\/div><\/section><div class=\"vc_row-full-width vc_clearfix\"><\/div>","protected":false},"excerpt":{"rendered":"Our main objectives Flexibility in integrated product development. Customer satisfaction: MAG aims to express extreme flexibility in the critical phases of the relationship with Customers. Proposal: On time, inventive co-specification. Product: Design of adaptable or multipurpose solutions. Just in Time Kit Approach MAG contributes to reduce OEMs\u2019 time to assembly and stocks. The hundreds of components of each shipset are [...]","protected":false},"author":1,"featured_media":0,"parent":0,"menu_order":0,"comment_status":"closed","ping_status":"closed","template":"","meta":{"inline_featured_image":false,"_monsterinsights_skip_tracking":false,"_monsterinsights_sitenote_active":false,"_monsterinsights_sitenote_note":"","_monsterinsights_sitenote_category":0,"footnotes":""},"class_list":["post-597","page","type-page","status-publish","hentry"],"_links":{"self":[{"href":"https:\/\/www.mecaer.com\/fr\/wp-json\/wp\/v2\/pages\/597","targetHints":{"allow":["GET"]}}],"collection":[{"href":"https:\/\/www.mecaer.com\/fr\/wp-json\/wp\/v2\/pages"}],"about":[{"href":"https:\/\/www.mecaer.com\/fr\/wp-json\/wp\/v2\/types\/page"}],"author":[{"embeddable":true,"href":"https:\/\/www.mecaer.com\/fr\/wp-json\/wp\/v2\/users\/1"}],"replies":[{"embeddable":true,"href":"https:\/\/www.mecaer.com\/fr\/wp-json\/wp\/v2\/comments?post=597"}],"version-history":[{"count":0,"href":"https:\/\/www.mecaer.com\/fr\/wp-json\/wp\/v2\/pages\/597\/revisions"}],"wp:attachment":[{"href":"https:\/\/www.mecaer.com\/fr\/wp-json\/wp\/v2\/media?parent=597"}],"curies":[{"name":"wp","href":"https:\/\/api.w.org\/{rel}","templated":true}]}}