{"id":675,"date":"2019-10-07T15:06:33","date_gmt":"2019-10-07T13:06:33","guid":{"rendered":"https:\/\/www.mecaer.com\/?page_id=675"},"modified":"2019-11-22T18:01:15","modified_gmt":"2019-11-22T17:01:15","slug":"montreal","status":"publish","type":"page","link":"https:\/\/www.mecaer.com\/fr\/locations\/montreal\/","title":{"rendered":"Montreal"},"content":{"rendered":"<section data-vc-full-width=\"true\" data-vc-full-width-init=\"false\" class=\"vc_section color--text-inverted xtd-text-shadow--small-normal header-custom vc_custom_1574258802071 vc_section-has-fill\"><div data-stellar-offset-parent=\"true\"  class=\"vc_row wpb_row vc_row-fluid content-padding\"><div  class=\"wpb_column vc_column_container vc_col-sm-12 vc_col-lg-offset-2 vc_col-lg-8\"><div class=\"vc_column-inner vc_custom_1521399451046\" style=\"\" ><div class=\"wpb_wrapper\">\n\t<div class=\"wpb_text_column wpb_content_element\" >\n\t\t<div class=\"wpb_wrapper\">\n\t\t\t<h1 style=\"text-align: center;\">Laval (Montr\u00e9al)<\/h1>\n\n\t\t<\/div>\n\t<\/div>\n<\/div><\/div><\/div><\/div><\/section><div class=\"vc_row-full-width vc_clearfix\"><\/div><section data-vc-full-width=\"true\" data-vc-full-width-init=\"false\" class=\"vc_section vc_custom_1570626243783\"><div data-vc-full-width=\"true\" data-vc-full-width-init=\"false\" data-stellar-offset-parent=\"true\"  class=\"vc_row wpb_row vc_row-fluid bg-quarter-grey-bottom content-padding vc_custom_1570736517760\"><div  class=\"wpb_column vc_column_container vc_col-sm-4\"><div class=\"vc_column-inner vc_custom_1570476349164\" style=\"\" ><div class=\"wpb_wrapper\">\n\t<div class=\"wpb_text_column wpb_content_element  vc_custom_1571753222375\" >\n\t\t<div class=\"wpb_wrapper\">\n\t\t\t<p>Mecaer America Inc., dont le si\u00e8ge social est situ\u00e9 dans le hub a\u00e9rospatial de Montr\u00e9al, au Qu\u00e9bec, est un centre de conception, de production et de support de syst\u00e8mes de trains d'atterrissage.<br \/>\nL'usine se concentre sur le march\u00e9 des h\u00e9licopt\u00e8res, des jets d'affaires, avions d\u2019entra\u00eenement.<\/p>\n\n\t\t<\/div>\n\t<\/div>\n<div class=\"vc_btn3-container vc_btn3-left\" ><a onmouseleave=\"this.style.borderColor='#2baae2'; this.style.backgroundColor='transparent'; this.style.color='#2baae2'\" onmouseenter=\"this.style.borderColor='#2baae2'; this.style.backgroundColor='#2baae2'; this.style.color='#ffffff';\" style=\"border-color:#2baae2; color:#2baae2;\" class=\"vc_general vc_btn3 vc_btn3-size-lg vc_btn3-shape-square vc_btn3-style-outline-custom\" href=\"https:\/\/vimeo.com\/120464463\" title=\"\">Voir la vid\u00e9o<\/a><\/div><\/div><\/div><\/div><div  class=\"wpb_column vc_column_container vc_col-sm-6 vc_col-sm-offset-2\"><div class=\"vc_column-inner vc_custom_1570626736443\" style=\"\" ><div class=\"wpb_wrapper\">\n\t<div class=\"wpb_single_image wpb_content_element vc_align_center\" style=\" \" >\n\t\t\n\t\t<figure class=\"wpb_wrapper vc_figure\">\n\t\t\t<div class=\"vc_single_image-wrapper xtd-shadow--small-light  vc_box_border_grey\"><img loading=\"lazy\" decoding=\"async\" width=\"1081\" height=\"1081\" src=\"https:\/\/www.mecaer.com\/wp-content\/uploads\/2019\/11\/img_philadelphia.jpg\" class=\"vc_single_image-img attachment-full\" alt=\"\" \/><\/div>\n\t\t<\/figure>\n\t<\/div>\n<\/div><\/div><\/div><\/div><div class=\"vc_row-full-width vc_clearfix\"><\/div><\/section><div class=\"vc_row-full-width vc_clearfix\"><\/div><section data-vc-full-width=\"true\" data-vc-full-width-init=\"false\" class=\"vc_section bg-half-grey-sx vc_custom_1570629570017 vc_section-has-fill\"><div data-stellar-offset-parent=\"true\"  class=\"vc_row wpb_row vc_row-fluid content-padding-none vc_custom_1570629629084 vc_row-has-fill\"><div  class=\"content-padding-none wpb_column vc_column_container vc_col-sm-3 vc_col-lg-offset-0\"><div class=\"vc_column-inner vc_custom_1570551494528\" style=\"\" ><div class=\"wpb_wrapper\">\n\t<div class=\"wpb_text_column wpb_content_element\" >\n\t\t<div class=\"wpb_wrapper\">\n\t\t\t<p><strong>DESCRIPTION DU SITE<\/strong><\/p>\n\n\t\t<\/div>\n\t<\/div>\n<\/div><\/div><\/div><div  class=\"content-padding-none wpb_column vc_column_container vc_col-sm-8\"><div class=\"vc_column-inner vc_custom_1570551522871\" style=\"\" ><div class=\"wpb_wrapper\">\n\t<div class=\"wpb_text_column wpb_content_element\" >\n\t\t<div class=\"wpb_wrapper\">\n\t\t\t<p>Superficie totale 12 000 m\u00b2 (b\u00e2timent 7 000 m\u00b2).<\/p>\n\n\t\t<\/div>\n\t<\/div>\n<\/div><\/div><\/div><\/div><div data-stellar-offset-parent=\"true\"  class=\"vc_row wpb_row vc_row-fluid content-padding-none vc_custom_1570629623047 vc_row-has-fill\"><div  class=\"wpb_column vc_column_container vc_col-sm-3\"><div class=\"vc_column-inner\" style=\"\" ><div class=\"wpb_wrapper\">\n\t<div class=\"wpb_text_column wpb_content_element\" >\n\t\t<div class=\"wpb_wrapper\">\n\t\t\t<p><strong>MAIN-D'\u0152UVRE<\/strong><\/p>\n\n\t\t<\/div>\n\t<\/div>\n<\/div><\/div><\/div><div  class=\"wpb_column vc_column_container vc_col-sm-8\"><div class=\"vc_column-inner\" style=\"\" ><div class=\"wpb_wrapper\">\n\t<div class=\"wpb_text_column wpb_content_element\" >\n\t\t<div class=\"wpb_wrapper\">\n\t\t\t<p>140 personnes<\/p>\n\n\t\t<\/div>\n\t<\/div>\n<\/div><\/div><\/div><\/div><div data-stellar-offset-parent=\"true\"  class=\"vc_row wpb_row vc_row-fluid content-padding-none vc_custom_1570599527389 vc_row-has-fill\"><div  class=\"wpb_column vc_column_container vc_col-sm-3\"><div class=\"vc_column-inner\" style=\"\" ><div class=\"wpb_wrapper\">\n\t<div class=\"wpb_text_column wpb_content_element\" >\n\t\t<div class=\"wpb_wrapper\">\n\t\t\t<p><strong>APPROBATIONS<\/strong><\/p>\n\n\t\t<\/div>\n\t<\/div>\n<\/div><\/div><\/div><div  class=\"wpb_column vc_column_container vc_col-sm-8\"><div class=\"vc_column-inner\" style=\"\" ><div class=\"wpb_wrapper\">\n\t<div class=\"wpb_text_column wpb_content_element\" >\n\t\t<div class=\"wpb_wrapper\">\n\t\t\t<p>Le site est certifi\u00e9\/qualifi\u00e9 : FAA\/TCCA pour les Parties 21 et 145, AS\/EN\/AS9100, usinages de machines NADCAP et approbations des principaux clients.<\/p>\n\n\t\t<\/div>\n\t<\/div>\n<\/div><\/div><\/div><\/div><\/section><div class=\"vc_row-full-width vc_clearfix\"><\/div>","protected":false},"excerpt":{"rendered":"Laval (Montreal) Mecaer America Inc., located in the Montreal, Quebec aerospace hub, is a centre for\u00a0the design, production and support of\u00a0Landing Gear System. The plant focus is on helicopter and\u00a0business\/trainer jet market. Play video SITE DESCRIPTION Total area 12.000sqm (7.000sqm building). MANPOWER 140 people APPROVALS The site is certified\/qualified: FAA\/TCCA for Part 21 and 145, AS\/EN\/AS9100, NADCAP Machining, and main [...]","protected":false},"author":1,"featured_media":0,"parent":1114,"menu_order":0,"comment_status":"closed","ping_status":"closed","template":"","meta":{"inline_featured_image":false,"_monsterinsights_skip_tracking":false,"_monsterinsights_sitenote_active":false,"_monsterinsights_sitenote_note":"","_monsterinsights_sitenote_category":0,"footnotes":""},"class_list":["post-675","page","type-page","status-publish","hentry"],"_links":{"self":[{"href":"https:\/\/www.mecaer.com\/fr\/wp-json\/wp\/v2\/pages\/675","targetHints":{"allow":["GET"]}}],"collection":[{"href":"https:\/\/www.mecaer.com\/fr\/wp-json\/wp\/v2\/pages"}],"about":[{"href":"https:\/\/www.mecaer.com\/fr\/wp-json\/wp\/v2\/types\/page"}],"author":[{"embeddable":true,"href":"https:\/\/www.mecaer.com\/fr\/wp-json\/wp\/v2\/users\/1"}],"replies":[{"embeddable":true,"href":"https:\/\/www.mecaer.com\/fr\/wp-json\/wp\/v2\/comments?post=675"}],"version-history":[{"count":0,"href":"https:\/\/www.mecaer.com\/fr\/wp-json\/wp\/v2\/pages\/675\/revisions"}],"up":[{"embeddable":true,"href":"https:\/\/www.mecaer.com\/fr\/wp-json\/wp\/v2\/pages\/1114"}],"wp:attachment":[{"href":"https:\/\/www.mecaer.com\/fr\/wp-json\/wp\/v2\/media?parent=675"}],"curies":[{"name":"wp","href":"https:\/\/api.w.org\/{rel}","templated":true}]}}